{"id":158,"date":"2014-11-29T10:16:12","date_gmt":"2014-11-29T10:16:12","guid":{"rendered":"http:\/\/bendruomeniskumas.mruni.eu\/?page_id=158"},"modified":"2015-01-03T18:25:32","modified_gmt":"2015-01-03T18:25:32","slug":"saltiniai-bendruomeniskumo-tema","status":"publish","type":"page","link":"https:\/\/bendruomeniskumas.mruni.eu\/?page_id=158","title":{"rendered":"\u0160altiniai bendruomeni\u0161kumo tema"},"content":{"rendered":"<table border=\"1\" cellspacing=\"0\" cellpadding=\"0\">\n<tbody>\n<tr>\n<td valign=\"top\" width=\"204\">\n<p align=\"center\"><b>Organizacija\/\u017emogus<\/b><b><\/b><\/p>\n<\/td>\n<td valign=\"top\" width=\"224\">\n<p align=\"center\"><b>Nuoroda<\/b><b><\/b><\/p>\n<\/td>\n<td valign=\"top\" width=\"214\">\n<p align=\"center\"><b>Koki\u0105 informacij\u0105 galime rasti?<\/b><b><\/b><\/p>\n<\/td>\n<\/tr>\n<tr>\n<td valign=\"top\" width=\"204\">\n<p align=\"center\"><b>\u00a0<\/b><\/p>\n<p align=\"center\"><b><a href=\"http:\/\/bendruomeniskumas.mruni.eu\/wp-content\/uploads\/2014\/11\/logo-1.png\"><img loading=\"lazy\" decoding=\"async\" class=\"alignnone size-full wp-image-164\" alt=\"logo (1)\" src=\"http:\/\/bendruomeniskumas.mruni.eu\/wp-content\/uploads\/2014\/11\/logo-1.png\" width=\"366\" height=\"172\" srcset=\"https:\/\/bendruomeniskumas.mruni.eu\/wp-content\/uploads\/2014\/11\/logo-1.png 366w, https:\/\/bendruomeniskumas.mruni.eu\/wp-content\/uploads\/2014\/11\/logo-1-300x140.png 300w\" sizes=\"auto, (max-width: 366px) 100vw, 366px\" \/><\/a>Tarptautin\u0117 gyvenvie\u010di\u0173 ir kaimynyst\u0117s centr\u0173 federacija (IFS)<\/b><\/p>\n<\/td>\n<td valign=\"top\" width=\"224\">\n<p align=\"center\"><a href=\"www.ifsnetwork.org\"><em>www.ifsnetwork.org<\/em><\/a><\/p>\n<\/td>\n<td valign=\"top\" width=\"214\">Apie pasaulin\u012f jud\u0117jim\u0105, jungiant\u012f \u012fvairi\u0173 \u0161ali\u0173 bendruomenes, kurios gina ir atstovauja bandruomen\u0117s poreikius ir interesus, padeda i\u0161ry\u0161kinti jos nari\u0173 stipri\u0105sias puses, siekiant \u0161eim\u0173 ir kaimynyst\u0117je gyvenan\u010di\u0173 \u017emoni\u0173 socialin\u0117s gerov\u0117s ir socialinio teisingumo.<\/td>\n<\/tr>\n<tr>\n<td valign=\"top\" width=\"204\">\n<p align=\"center\"><b>Amitai Etcioni (Amitai Etzioni)<\/b><\/p>\n<p align=\"center\"><b><a href=\"http:\/\/bendruomeniskumas.mruni.eu\/wp-content\/uploads\/2014\/11\/6a00d8341f7b1f53ef00e5500f979b8834-150wi.jpg\"><img loading=\"lazy\" decoding=\"async\" class=\"alignnone size-full wp-image-165\" alt=\"6a00d8341f7b1f53ef00e5500f979b8834-150wi\" src=\"http:\/\/bendruomeniskumas.mruni.eu\/wp-content\/uploads\/2014\/11\/6a00d8341f7b1f53ef00e5500f979b8834-150wi.jpg\" width=\"98\" height=\"162\" \/><\/a><\/b><b> <\/b><b><\/b><\/p>\n<\/td>\n<td valign=\"top\" width=\"224\">\n<p align=\"center\"><a href=\"http:\/\/www.amitaietzioni.org\/  communitarianism\/\"><em>http:\/\/www.amitaietzioni.org\/<\/em><\/a><\/p>\n<p align=\"center\"><a href=\"http:\/\/www.amitaietzioni.org\/  communitarianism\/\"><em>communitarianism\/<\/em><\/a><\/p>\n<\/td>\n<td valign=\"top\" width=\"214\">Komunitarizmo \u201eguru\u201c Amitai Etcioni Kolumbijos universiteto (<i>Columbia University<\/i>) sociologas. Rasime jo mintis apie komunitarizm\u0105, bibliografij\u0105 \u0161ia tema<b><\/b><\/td>\n<\/tr>\n<tr>\n<td valign=\"top\" width=\"204\">\n<p align=\"center\"><b><a href=\"http:\/\/bendruomeniskumas.mruni.eu\/wp-content\/uploads\/2014\/11\/download.jpg\"><img loading=\"lazy\" decoding=\"async\" class=\"alignnone size-full wp-image-166\" alt=\"download\" src=\"http:\/\/bendruomeniskumas.mruni.eu\/wp-content\/uploads\/2014\/11\/download.jpg\" width=\"120\" height=\"120\" \/><\/a><\/b><\/p>\n<p align=\"center\"><b>NVO AVILYS<\/b><\/p>\n<p align=\"center\">\n<\/td>\n<td valign=\"top\" width=\"224\">\n<p align=\"center\"><em><a href=\"http:\/\/www.nvoavilys.lt\/\">http:\/\/www.nvoavilys.lt\/<\/a><\/em><\/p>\n<\/td>\n<td valign=\"top\" width=\"214\">Nevyriausybini\u0173 Organizacij\u0173 Avilys- nevyriausybini\u0173 organizacij\u0173 ir socialini\u0173 inovatori\u0173 darbo, k\u016brybos ir bendravimo erdv\u0117.<b><\/b><\/td>\n<\/tr>\n<tr>\n<td valign=\"top\" width=\"204\">\n<p align=\"center\"><b><a href=\"http:\/\/bendruomeniskumas.mruni.eu\/wp-content\/uploads\/2014\/11\/header.jpg\"><img loading=\"lazy\" decoding=\"async\" class=\"alignnone size-full wp-image-180\" alt=\"header\" src=\"http:\/\/bendruomeniskumas.mruni.eu\/wp-content\/uploads\/2014\/11\/header.jpg\" width=\"754\" height=\"142\" srcset=\"https:\/\/bendruomeniskumas.mruni.eu\/wp-content\/uploads\/2014\/11\/header.jpg 754w, https:\/\/bendruomeniskumas.mruni.eu\/wp-content\/uploads\/2014\/11\/header-300x56.jpg 300w, https:\/\/bendruomeniskumas.mruni.eu\/wp-content\/uploads\/2014\/11\/header-624x117.jpg 624w\" sizes=\"auto, (max-width: 706px) 89vw, (max-width: 767px) 82vw, 740px\" \/><\/a><\/b><\/p>\n<p align=\"center\"><b>LIETUVOS VIETOS BENDRUOMENI\u0172 ORGANIZACIJ\u0172 S\u0104JUNGA (LVBOS)<\/b><b><\/b><\/p>\n<\/td>\n<td valign=\"top\" width=\"224\">\n<p align=\"center\"><em><a href=\"http:\/\/www.lvbos.lt\/\">http:\/\/www.lvbos.lt\/<\/a><\/em><b><\/b><\/p>\n<\/td>\n<td valign=\"top\" width=\"214\">LVBOS koordinuoja jos nari\u0173 \u2013 Lietuvos vietos bendruomeni\u0173 organizacij\u0173 veikl\u0105, atstovauja teis\u0117tiems nari\u0173 bendriesiems interesams bei juos gina vald\u017eios bei valdymo institucijose ar kitose organizacijose, skatina Lietuvos vietos bendruomeni\u0173 organizacij\u0173 pl\u0117tr\u0105 ir tenkina kitus vietos bendruomeni\u0173 organizacij\u0173 vie\u0161uosius interesus, siekia realios savivaldos.<\/td>\n<\/tr>\n<tr>\n<td valign=\"top\" width=\"204\">\n<p align=\"center\"><b><a href=\"http:\/\/bendruomeniskumas.mruni.eu\/wp-content\/uploads\/2014\/11\/logo.gif\"><img loading=\"lazy\" decoding=\"async\" class=\"alignnone size-full wp-image-213\" alt=\"logo\" src=\"http:\/\/bendruomeniskumas.mruni.eu\/wp-content\/uploads\/2014\/11\/logo.gif\" width=\"175\" height=\"116\" \/><\/a>\u00a0Bendruomen\u0117s<\/b><\/p>\n<\/td>\n<td valign=\"top\" width=\"224\">\n<p align=\"center\"><em><a href=\"http:\/\/www.bendruomenes.lt\/\">http:\/\/www.bendruomenes.lt\/<\/a><\/em><\/p>\n<\/td>\n<td valign=\"top\" width=\"214\">Bendruomenes jungiantis portalas.<\/td>\n<\/tr>\n<tr>\n<td valign=\"top\" width=\"204\"><b>\u00a0<a href=\"http:\/\/bendruomeniskumas.mruni.eu\/wp-content\/uploads\/2014\/11\/logo.png\"><img loading=\"lazy\" decoding=\"async\" class=\"alignnone size-full wp-image-226\" alt=\"logo\" src=\"http:\/\/bendruomeniskumas.mruni.eu\/wp-content\/uploads\/2014\/11\/logo.png\" width=\"199\" height=\"90\" \/><\/a><a href=\"http:\/\/bendruomeniskumas.mruni.eu\/wp-content\/uploads\/2014\/11\/download1.jpg\"><img loading=\"lazy\" decoding=\"async\" class=\"alignnone size-full wp-image-227\" alt=\"download\" src=\"http:\/\/bendruomeniskumas.mruni.eu\/wp-content\/uploads\/2014\/11\/download1.jpg\" width=\"369\" height=\"123\" srcset=\"https:\/\/bendruomeniskumas.mruni.eu\/wp-content\/uploads\/2014\/11\/download1.jpg 369w, https:\/\/bendruomeniskumas.mruni.eu\/wp-content\/uploads\/2014\/11\/download1-300x100.jpg 300w\" sizes=\"auto, (max-width: 369px) 100vw, 369px\" \/><\/a><\/b><b>\u00a0<\/b><\/p>\n<p style=\"text-align: center;\"><b>Komunitarin\u0117s politikos institutas D\u017eord\u017eo Va\u0161ingtono Universitete (JAV)<\/b><\/p>\n<p align=\"center\"><b>\u00a0<\/b><\/p>\n<\/td>\n<td valign=\"top\" width=\"224\">\n<p align=\"center\"><em><a href=\"http:\/\/icps.gwu.edu\/\">http:\/\/icps.gwu.edu\/<\/a><\/em><b><\/b><\/p>\n<\/td>\n<td valign=\"top\" width=\"214\">Pateikiamos \u012fvairios tyrim\u0173 sritys, tokios kaip teis\u0117, morali ekonomika, politika, medicina ir bioetika, o \u0161alia j\u0173 ir komunitarizmas (<a href=\"www.gwu.edu\/~ccps\/RCPlatform.html\">www.gwu.edu\/~ccps\/RCPlatform.html<\/a>).<\/td>\n<\/tr>\n<tr>\n<td valign=\"top\" width=\"204\"><b>\u00a0<\/b><b>\u00a0<a href=\"http:\/\/bendruomeniskumas.mruni.eu\/wp-content\/uploads\/2014\/11\/ncl-logo.jpg\"><img loading=\"lazy\" decoding=\"async\" class=\"alignnone size-full wp-image-228\" alt=\"ncl-logo\" src=\"http:\/\/bendruomeniskumas.mruni.eu\/wp-content\/uploads\/2014\/11\/ncl-logo.jpg\" width=\"269\" height=\"193\" \/><\/a><\/b><\/p>\n<p style=\"text-align: center;\"><b>Nacionalin\u0117 pilietin\u0117 lyga (JAV)<\/b><\/p>\n<\/td>\n<td valign=\"top\" width=\"224\">\n<p align=\"center\"><em><a href=\"http:\/\/www.ncl.org\/\">http:\/\/www.ncl.org\/<\/a><\/em><\/p>\n<\/td>\n<td valign=\"top\" width=\"214\">Pateikiama informacija apie \u0161ios lygos veikl\u0105 , kaip \u017emon\u0117s \u012ftraukiami \u012f vietos savivaldos procesus, kaip vyksta tarpsektorinis bendradarbiavimas ir kt.Pla\u010diai nu\u0161vie\u010diami Amerikos miest\u0173 kasmetiniai apdovanojimai pilie\u010di\u0173 \u012ftraukimo srityje.<\/p>\n<p align=\"center\">\n<\/td>\n<\/tr>\n<tr>\n<td valign=\"top\" width=\"204\"><a href=\"http:\/\/bendruomeniskumas.mruni.eu\/wp-content\/uploads\/2014\/11\/logo1.gif\"><img loading=\"lazy\" decoding=\"async\" class=\"alignnone size-full wp-image-229\" alt=\"logo\" src=\"http:\/\/bendruomeniskumas.mruni.eu\/wp-content\/uploads\/2014\/11\/logo1.gif\" width=\"176\" height=\"84\" \/><\/a><\/p>\n<p style=\"text-align: center;\"><b>Pilietin\u0117s<\/b><b> <\/b><b>praktikos<\/b><b> <\/b><b>tinklas (JAV)<\/b><b><\/b><\/p>\n<\/td>\n<td valign=\"top\" width=\"224\">\n<p style=\"text-align: center;\" align=\"center\"><a href=\"http:\/\/www.cpn.org\/\"><cite>http:\/\/www.cpn.org\/<\/cite><\/a><\/p>\n<\/td>\n<td valign=\"top\" width=\"214\">Pateikiama informacija apie \u0161io tinklo veikl\u0105 sprend\u017eiant problemas vietos bendruomen\u0117se. Nors jie skelbia, kad tai nepartinis tinklas, bet jie pateikia informacij\u0105 i\u0161 politini\u0173 partij\u0173, kurios prisideda prie bendruomeni\u0161kos\u00a0 politikos\u00a0 skatinimo.<\/td>\n<\/tr>\n<tr>\n<td valign=\"top\" width=\"204\"><a href=\"http:\/\/bendruomeniskumas.mruni.eu\/wp-content\/uploads\/2014\/11\/logo-11.png\"><img loading=\"lazy\" decoding=\"async\" class=\"alignnone size-full wp-image-230\" alt=\"logo (1)\" src=\"http:\/\/bendruomeniskumas.mruni.eu\/wp-content\/uploads\/2014\/11\/logo-11.png\" width=\"135\" height=\"143\" \/><\/a><\/p>\n<p style=\"text-align: center;\"><b>Ashoka \u2013 inovacijos d\u0117l visuomen\u0117s pasaulinis tinklas<\/b><\/p>\n<\/td>\n<td valign=\"top\" width=\"224\">\n<p align=\"center\"><cite><a href=\"https:\/\/www.ashoka.org\/\">https:\/\/www.ashoka.org\/<\/a><\/cite><\/p>\n<\/td>\n<td valign=\"top\" width=\"214\">Pateikiama informacija, kad kiekvienas galime pateikti sprendimus kaip spr\u0119sti problemas m\u016bs\u0173 dien\u0173 pasaulyje. Originaliausi\u0173 id\u0117j\u0173, kurios paver\u010diamos darbais autoriai gauna stipendijas. Jas yra gav\u0119 8 lietuviai.<\/td>\n<\/tr>\n<tr>\n<td valign=\"top\" width=\"204\"><b>\u00a0<a href=\"http:\/\/bendruomeniskumas.mruni.eu\/wp-content\/uploads\/2014\/11\/logo_new.png\"><img loading=\"lazy\" decoding=\"async\" class=\"alignnone size-full wp-image-231\" alt=\"logo_new\" src=\"http:\/\/bendruomeniskumas.mruni.eu\/wp-content\/uploads\/2014\/11\/logo_new.png\" width=\"250\" height=\"85\" \/><\/a><\/b><b>\u00a0<\/b><\/p>\n<p style=\"text-align: center;\"><b>Pilietinio ugdymo centras (JAV)<\/b><\/p>\n<\/td>\n<td valign=\"top\" width=\"224\">\n<p align=\"center\"><cite><a href=\"http:\/\/www.civiced.org\/\">http:\/\/www.civiced.org\/<\/a><\/cite><\/p>\n<\/td>\n<td valign=\"top\" width=\"214\">Pateikiama med\u017eiaga kaip demokratijos principus \u012fgyvendinti. Tai naudinga moksleiviams, studentams ir visiems pilie\u010diams. Vykdomos 6 programos i\u0161 kuri\u0173 Lietuvoje yra vykdoma programa CIVITAS. \u012edomi ir reikalinga programa apie mokymas\u012f b\u016bti pilie\u010diu programa PILIETIS.<\/td>\n<\/tr>\n<\/tbody>\n<\/table>\n","protected":false},"excerpt":{"rendered":"<p>Organizacija\/\u017emogus Nuoroda Koki\u0105 informacij\u0105 galime rasti? \u00a0 Tarptautin\u0117 gyvenvie\u010di\u0173 ir kaimynyst\u0117s centr\u0173 federacija (IFS) www.ifsnetwork.org Apie pasaulin\u012f jud\u0117jim\u0105, jungiant\u012f \u012fvairi\u0173 \u0161ali\u0173 bendruomenes, kurios gina ir atstovauja bandruomen\u0117s poreikius ir interesus, padeda i\u0161ry\u0161kinti jos nari\u0173 stipri\u0105sias puses, siekiant \u0161eim\u0173 ir kaimynyst\u0117je gyvenan\u010di\u0173 \u017emoni\u0173 socialin\u0117s gerov\u0117s ir socialinio teisingumo. Amitai Etcioni (Amitai Etzioni) http:\/\/www.amitaietzioni.org\/ communitarianism\/ Komunitarizmo \u201eguru\u201c &hellip; <\/p>\n<p class=\"link-more\"><a href=\"https:\/\/bendruomeniskumas.mruni.eu\/?page_id=158\" class=\"more-link\">Continue reading<span class=\"screen-reader-text\"> &#8220;\u0160altiniai bendruomeni\u0161kumo tema&#8221;<\/span><\/a><\/p>\n","protected":false},"author":2,"featured_media":0,"parent":0,"menu_order":0,"comment_status":"closed","ping_status":"open","template":"","meta":{"footnotes":""},"class_list":["post-158","page","type-page","status-publish","hentry"],"_links":{"self":[{"href":"https:\/\/bendruomeniskumas.mruni.eu\/index.php?rest_route=\/wp\/v2\/pages\/158","targetHints":{"allow":["GET"]}}],"collection":[{"href":"https:\/\/bendruomeniskumas.mruni.eu\/index.php?rest_route=\/wp\/v2\/pages"}],"about":[{"href":"https:\/\/bendruomeniskumas.mruni.eu\/index.php?rest_route=\/wp\/v2\/types\/page"}],"author":[{"embeddable":true,"href":"https:\/\/bendruomeniskumas.mruni.eu\/index.php?rest_route=\/wp\/v2\/users\/2"}],"replies":[{"embeddable":true,"href":"https:\/\/bendruomeniskumas.mruni.eu\/index.php?rest_route=%2Fwp%2Fv2%2Fcomments&post=158"}],"version-history":[{"count":22,"href":"https:\/\/bendruomeniskumas.mruni.eu\/index.php?rest_route=\/wp\/v2\/pages\/158\/revisions"}],"predecessor-version":[{"id":238,"href":"https:\/\/bendruomeniskumas.mruni.eu\/index.php?rest_route=\/wp\/v2\/pages\/158\/revisions\/238"}],"wp:attachment":[{"href":"https:\/\/bendruomeniskumas.mruni.eu\/index.php?rest_route=%2Fwp%2Fv2%2Fmedia&parent=158"}],"curies":[{"name":"wp","href":"https:\/\/api.w.org\/{rel}","templated":true}]}}