{"id":194,"date":"2014-12-16T13:16:25","date_gmt":"2014-12-16T13:16:25","guid":{"rendered":"http:\/\/bendruomeniskumas.mruni.eu\/?page_id=194"},"modified":"2014-12-16T13:17:21","modified_gmt":"2014-12-16T13:17:21","slug":"1osios-2009m-praktines-mokslines-konferencijos-medziaga","status":"publish","type":"page","link":"https:\/\/bendruomeniskumas.mruni.eu\/?page_id=194","title":{"rendered":"1osios (2009m.) praktin\u0117s &#8211; mokslin\u0117s konferencijos med\u017eiaga"},"content":{"rendered":"<p><strong><a href=\"..\/wp-content\/uploads\/2011\/01\/Mokslin%C4%97s-praktin%C4%97s-konferencijos-dalyviai.doc\">Mokslin\u0117s &#8211; praktin\u0117s konferencijos dalyviai<\/a><\/strong><\/p>\n<p><strong><a href=\"..\/wp-content\/uploads\/2011\/01\/Konferencijos-Programa.doc\">Konferencijos Programa<\/a><\/strong><\/p>\n<p><strong><a href=\"http:\/\/vadybospraktika-mokslas.mruni.eu\/wp-content\/uploads\/2011\/01\/2009-04-02-konferencijos-foto-reportazas.doc\">Konferencijos foto reporta\u017eas<\/a><br \/>\n<\/strong><\/p>\n<p><strong>Konferencijos prane\u0161imai 2009 04 02:<\/strong> <a href=\"..\/wp-content\/uploads\/2011\/01\/Tubutiene.ppt\">Tubutien\u0117<\/a>;\u00a0 <a href=\"..\/wp-content\/uploads\/2011\/01\/Bukauskas.doc\">Bukauskas<\/a>;\u00a0 <a href=\"..\/wp-content\/uploads\/2011\/01\/Jasaitis.ppt\">Jasaitis<\/a>; <a href=\"..\/wp-content\/uploads\/2011\/01\/Kalesnykas.ppt\">Kalesnykas<\/a>;\u00a0<a href=\"..\/wp-content\/uploads\/2011\/01\/Lakis.ppt\">Lakis<\/a>; <a href=\"..\/wp-content\/uploads\/2011\/01\/Nefas.ppt\">Nefas<\/a><a href=\"..\/wp-content\/uploads\/2011\/01\/Smalskys.ppt\">; Smalskys; <\/a><a href=\"..\/wp-content\/uploads\/2011\/01\/Snapstiene.ppt\">Snapstien\u0117.<\/a><\/p>\n<p><strong>Atsiliepimai apie Konferencij\u0105:<\/strong> <a href=\"http:\/\/vadybospraktika-mokslas.mruni.eu\/wp-content\/uploads\/2011\/01\/Astrauskas.doc\">Astrauskas<\/a>;\u00a0\u00a0<a href=\"http:\/\/vadybospraktika-mokslas.mruni.eu\/wp-content\/uploads\/2011\/01\/Astrauskas.doc\"> <\/a><a href=\"http:\/\/\">Kalesnykas<\/a>; <a href=\"http:\/\/vadybospraktika-mokslas.mruni.eu\/wp-content\/uploads\/2011\/01\/konferencijos-aktualumas-Pauliukeviciute.doc\">Pauliukevi\u010di\u016bt\u0117<\/a>; <a href=\"http:\/\/vadybospraktika-mokslas.mruni.eu\/wp-content\/uploads\/2011\/01\/Liukineviciene.doc\">Liukinevi\u010dien\u0117<\/a>; <a href=\"http:\/\/vadybospraktika-mokslas.mruni.eu\/wp-content\/uploads\/2011\/01\/Navickien\u0117.doc\">Navickien\u0117<\/a>; <a href=\"http:\/\/vadybospraktika-mokslas.mruni.eu\/wp-content\/uploads\/2011\/01\/Serikjova-Toleikiene.doc\">Serikjova, Toleikien\u0117<\/a>.<\/p>\n<p><strong>Konferencijos dalyvi\u0173 rekomendacijos: <\/strong><a href=\"http:\/\/vadybospraktika-mokslas.mruni.eu\/wp-content\/uploads\/2011\/01\/A.-Bukauskas.doc\">Bukauskas<\/a>;\u00a0<a href=\"http:\/\/vadybospraktika-mokslas.mruni.eu\/wp-content\/uploads\/2011\/01\/Arbatauskas-ir-Tarasevicius.doc\">Arbatauskas ir Tarasevi\u010dius<\/a>; <a href=\"http:\/\/vadybospraktika-mokslas.mruni.eu\/wp-content\/uploads\/2011\/01\/Kalesnykas-REKOM.doc\">Kalesnykas<\/a>; <a href=\"http:\/\/vadybospraktika-mokslas.mruni.eu\/wp-content\/uploads\/2011\/01\/Lakio-rekom..doc\">Lakis<\/a>;\u00a0<a href=\"http:\/\/vadybospraktika-mokslas.mruni.eu\/wp-content\/uploads\/2011\/01\/Paulikeviciute.doc\">Paulikevi\u010di\u016bt\u0117<\/a>; <a href=\"http:\/\/vadybospraktika-mokslas.mruni.eu\/wp-content\/uploads\/2011\/01\/Rekomend-Smaskys.doc\">Smalskys<\/a>; <a href=\"http:\/\/vadybospraktika-mokslas.mruni.eu\/wp-content\/uploads\/2011\/01\/rekomendacijosMiezanskiene.doc\">Mie\u017eanskien\u0117<\/a>; <a href=\"http:\/\/vadybospraktika-mokslas.mruni.eu\/wp-content\/uploads\/2011\/01\/S.-Nefo-rekom..doc\">Nefas<\/a>; <a href=\"http:\/\/vadybospraktika-mokslas.mruni.eu\/wp-content\/uploads\/2011\/01\/A.-Bukauskas.doc\"> <\/a><a href=\"http:\/\/vadybospraktika-mokslas.mruni.eu\/wp-content\/uploads\/2011\/01\/Urmonas.doc\">Urmonas<\/a>.<\/p>\n<p><strong>***<a href=\"http:\/\/vadybospraktika-mokslas.mruni.eu\/wp-content\/uploads\/2011\/01\/Apie-konferencija-ziniasklaidoje-Lakis-Nefas..doc\">Apie konferencij\u0105 \u017einiasklaidoje- Lakis, Nefas.<\/a><\/strong><\/p>\n<p><a href=\"http:\/\/vadybospraktika-mokslas.mruni.eu\/wp-content\/uploads\/2011\/01\/Kalesnykas.doc\"><\/a><\/p>\n<p><a href=\"http:\/\/vadybospraktika-mokslas.mruni.eu\/wp-content\/uploads\/2011\/01\/Smalskys.ppt\"><\/a><\/p>\n<p><a href=\"http:\/\/vadybospraktika-mokslas.mruni.eu\/wp-content\/uploads\/2011\/01\/Snapstiene.ppt\"><\/a><\/p>\n","protected":false},"excerpt":{"rendered":"<p>Mokslin\u0117s &#8211; praktin\u0117s konferencijos dalyviai Konferencijos Programa Konferencijos foto reporta\u017eas Konferencijos prane\u0161imai 2009 04 02: Tubutien\u0117;\u00a0 Bukauskas;\u00a0 Jasaitis; Kalesnykas;\u00a0Lakis; Nefas; Smalskys; Snapstien\u0117. Atsiliepimai apie Konferencij\u0105: Astrauskas;\u00a0\u00a0 Kalesnykas; Pauliukevi\u010di\u016bt\u0117; Liukinevi\u010dien\u0117; Navickien\u0117; Serikjova, Toleikien\u0117. Konferencijos dalyvi\u0173 rekomendacijos: Bukauskas;\u00a0Arbatauskas ir Tarasevi\u010dius; Kalesnykas; Lakis;\u00a0Paulikevi\u010di\u016bt\u0117; Smalskys; Mie\u017eanskien\u0117; Nefas; Urmonas. ***Apie konferencij\u0105 \u017einiasklaidoje- Lakis, Nefas.<\/p>\n","protected":false},"author":1,"featured_media":0,"parent":0,"menu_order":0,"comment_status":"closed","ping_status":"open","template":"","meta":{"footnotes":""},"class_list":["post-194","page","type-page","status-publish","hentry"],"_links":{"self":[{"href":"https:\/\/bendruomeniskumas.mruni.eu\/index.php?rest_route=\/wp\/v2\/pages\/194","targetHints":{"allow":["GET"]}}],"collection":[{"href":"https:\/\/bendruomeniskumas.mruni.eu\/index.php?rest_route=\/wp\/v2\/pages"}],"about":[{"href":"https:\/\/bendruomeniskumas.mruni.eu\/index.php?rest_route=\/wp\/v2\/types\/page"}],"author":[{"embeddable":true,"href":"https:\/\/bendruomeniskumas.mruni.eu\/index.php?rest_route=\/wp\/v2\/users\/1"}],"replies":[{"embeddable":true,"href":"https:\/\/bendruomeniskumas.mruni.eu\/index.php?rest_route=%2Fwp%2Fv2%2Fcomments&post=194"}],"version-history":[{"count":2,"href":"https:\/\/bendruomeniskumas.mruni.eu\/index.php?rest_route=\/wp\/v2\/pages\/194\/revisions"}],"predecessor-version":[{"id":197,"href":"https:\/\/bendruomeniskumas.mruni.eu\/index.php?rest_route=\/wp\/v2\/pages\/194\/revisions\/197"}],"wp:attachment":[{"href":"https:\/\/bendruomeniskumas.mruni.eu\/index.php?rest_route=%2Fwp%2Fv2%2Fmedia&parent=194"}],"curies":[{"name":"wp","href":"https:\/\/api.w.org\/{rel}","templated":true}]}}