{"id":198,"date":"2014-12-16T13:17:37","date_gmt":"2014-12-16T13:17:37","guid":{"rendered":"http:\/\/bendruomeniskumas.mruni.eu\/?page_id=198"},"modified":"2014-12-16T13:17:37","modified_gmt":"2014-12-16T13:17:37","slug":"2osios-2010m-praktines-mokslines-konferencijos-medziaga","status":"publish","type":"page","link":"https:\/\/bendruomeniskumas.mruni.eu\/?page_id=198","title":{"rendered":"2osios (2010m.) praktin\u0117s &#8211; mokslin\u0117s konferencijos med\u017eiaga"},"content":{"rendered":"<p><strong><a href=\"..\/wp-content\/uploads\/2011\/01\/konferencijos_programa_kvietimas_2010_new_mazas.pdf111.pdf\">Konferencijos\u00a0 programa<\/a><\/strong><a href=\"..\/wp-content\/uploads\/2011\/01\/konferencijos_programa_kvietimas_2010_new_mazas.pdf111.pdf\"><strong><\/strong><\/a><strong><a href=\"..\/wp-content\/uploads\/2011\/01\/konferencijos_programa_kvietimas_2010_new_mazas.pdf111.pdf\"> ir dalyviai<\/a><\/strong><\/p>\n<p><strong><a href=\"http:\/\/vadybospraktika-mokslas.mruni.eu\/wp-content\/uploads\/2011\/01\/2010-konferencijos-foto-reporta\u017eas.doc\">Konferencijos foto reporta\u017eas ir dalyvi\u0173 vertinimas<\/a><br \/>\n<\/strong><\/p>\n<p><strong>PRANE\u0160\u0116JAI:<a href=\"http:\/\/vadybospraktika-mokslas.mruni.eu\/wp-content\/uploads\/2011\/01\/konferencijos_programa_kvietimas_2010_new_mazas.pdf111.pdf\"><\/a><\/strong><\/p>\n<p>A. Urmanas: <a href=\"http:\/\/vadybospraktika-mokslas.mruni.eu\/wp-content\/uploads\/2011\/01\/apie_praneseja-Urmona.doc\">informacija apie prane\u0161\u0117j\u0105<\/a>, <a href=\"http:\/\/vadybospraktika-mokslas.mruni.eu\/wp-content\/uploads\/2011\/01\/prane\u0161imas-Urmono.ppt\">prane\u0161imas<\/a>, <a href=\"http:\/\/vadybospraktika-mokslas.mruni.eu\/wp-content\/uploads\/2011\/01\/Tez\u0117s_rekomendacijos-Urmono.doc\">tez\u0117s-rekomendacijos<\/a>;<\/p>\n<p>A. Ladek: \u00a0<a href=\"http:\/\/vadybospraktika-mokslas.mruni.eu\/wp-content\/uploads\/2011\/01\/apie_praneseja-Urmona.doc\"> <\/a><a href=\"http:\/\/vadybospraktika-mokslas.mruni.eu\/wp-content\/uploads\/2011\/01\/apie_praneseja-Ladek.doc\">informacija apie prane\u0161\u0117j\u0105<\/a>, <a href=\"http:\/\/vadybospraktika-mokslas.mruni.eu\/wp-content\/uploads\/2011\/01\/pranesimas-Ladek.ppt\">prane\u0161imas<\/a>, <a href=\"http:\/\/vadybospraktika-mokslas.mruni.eu\/wp-content\/uploads\/2011\/01\/tezes_rekomendacijos.docLadek.doc\">tez\u0117s-rekomendacijos<\/a>;<\/p>\n<p>A. Aranauskien\u0117: <a href=\"http:\/\/vadybospraktika-mokslas.mruni.eu\/wp-content\/uploads\/2011\/01\/apie_praneseja-Aranauskiene.doc\">informacija apie prane\u0161\u0117j\u0105<\/a>, <a href=\"http:\/\/vadybospraktika-mokslas.mruni.eu\/wp-content\/uploads\/2011\/01\/Pranesimas-Aranauskienes.ppt\">prane\u0161imas<\/a>, <a href=\"http:\/\/vadybospraktika-mokslas.mruni.eu\/wp-content\/uploads\/2011\/01\/pranesimo_tezes-Aranauskienes.doc\">prane\u0161imo tez\u0117s<\/a>;<\/p>\n<p>T. Bilevi\u010dien\u0117, E. Bilevi\u010di\u016bt\u0117: <a href=\"http:\/\/vadybospraktika-mokslas.mruni.eu\/wp-content\/uploads\/2011\/01\/apie_pranesejas-Bileviciene-Bileviciute.doc\">informacija apie prane\u0161\u0117jas<\/a>, <a href=\"http:\/\/vadybospraktika-mokslas.mruni.eu\/wp-content\/uploads\/2011\/01\/pranesimas-Bilevicienes-Bileviciutes.ppt\">prane\u0161imas<\/a>, <a href=\"http:\/\/vadybospraktika-mokslas.mruni.eu\/wp-content\/uploads\/2011\/01\/tez\u0117s_rekomendacijos-Bilevicienes-Bileviciutes.doc\">tez\u0117s-rekomendacijos<\/a>;<\/p>\n<p>B. Mikulskien\u0117: <a href=\"http:\/\/vadybospraktika-mokslas.mruni.eu\/wp-content\/uploads\/2011\/01\/apie_praneseja-Mikulskiene.doc\">informacija apie prane\u0161\u0117j\u0105<\/a>, <a href=\"http:\/\/vadybospraktika-mokslas.mruni.eu\/wp-content\/uploads\/2011\/01\/pranesimas-Mikulskienes.ppt\">prane\u0161imas<\/a>, <a href=\"http:\/\/vadybospraktika-mokslas.mruni.eu\/wp-content\/uploads\/2011\/01\/tez\u0117s-rekomendacijos-Mikulskienes.doc\">tez\u0117s-rekomendacijos<\/a>;<\/p>\n<p>E. Sakalauskas: <a href=\"http:\/\/vadybospraktika-mokslas.mruni.eu\/wp-content\/uploads\/2011\/01\/apie_praneseja-Sakalauska.doc\">informacija apie prane\u0161\u0117j\u0105<\/a>, <a href=\"http:\/\/vadybospraktika-mokslas.mruni.eu\/wp-content\/uploads\/2011\/01\/pranesimas-Sakalauskas.ppt\">prane\u0161imas<\/a>, <a href=\"http:\/\/vadybospraktika-mokslas.mruni.eu\/wp-content\/uploads\/2011\/01\/tez\u0117s_rekomendacijos-Sakalauskas.doc\">tez\u0117s-rekomendacijos<\/a>;<\/p>\n<p>J. Jasaitis: <a href=\"http:\/\/vadybospraktika-mokslas.mruni.eu\/wp-content\/uploads\/2011\/01\/apie_praneseja-J.-Jasaiti.doc\">informacija apie prane\u0161\u0117j\u0105<\/a>, <a href=\"http:\/\/vadybospraktika-mokslas.mruni.eu\/wp-content\/uploads\/2011\/01\/Pranesimas-Jasaico.ppt\">prane\u0161imas<\/a>;<\/p>\n<p>J. Lakis: <a href=\"http:\/\/vadybospraktika-mokslas.mruni.eu\/wp-content\/uploads\/2011\/01\/apie_praneseja-J.-Lakis.doc\">informacija apie prane\u0161\u0117j\u0105<\/a>, <a href=\"http:\/\/vadybospraktika-mokslas.mruni.eu\/wp-content\/uploads\/2011\/01\/pateiktis.ppt\">prane\u0161imas<\/a>, <a href=\"http:\/\/vadybospraktika-mokslas.mruni.eu\/wp-content\/uploads\/2011\/01\/tez\u0117s_rekomendacijos-Lakis.doc\">tez\u0117s-rekomendacijos<\/a>;<\/p>\n<p>K. Daujotait\u0117: <a href=\"http:\/\/vadybospraktika-mokslas.mruni.eu\/wp-content\/uploads\/2011\/01\/apie_praneseja-Daujotaite.doc\">informacija apie prane\u0161\u0117j\u0105<\/a>, <a href=\"http:\/\/vadybospraktika-mokslas.mruni.eu\/wp-content\/uploads\/2011\/01\/pateiktis1.ppt\">prane\u0161imas<\/a>, <a href=\"http:\/\/vadybospraktika-mokslas.mruni.eu\/wp-content\/uploads\/2011\/01\/tez\u0117s_rekomendacijos-Daujotaites.doc\">tez\u0117s-rekomendacijos<\/a>;<\/p>\n<p>L. \u010cepukait\u0117: <a href=\"http:\/\/vadybospraktika-mokslas.mruni.eu\/wp-content\/uploads\/2011\/01\/apie_praneseja-Cepukaite.doc\">informacija apie prane\u0161\u0117j\u0105<\/a>, <a href=\"http:\/\/vadybospraktika-mokslas.mruni.eu\/wp-content\/uploads\/2011\/01\/pranesimas-Cepukaite.ppt\">prane\u0161imas<\/a>, <a href=\"http:\/\/vadybospraktika-mokslas.mruni.eu\/wp-content\/uploads\/2011\/01\/tez\u0117s_rekomendacijos-Cepukaite.doc\">tez\u0117s-rekomendacijos<\/a>;<\/p>\n<p>M. Jovai\u0161a: <a href=\"http:\/\/vadybospraktika-mokslas.mruni.eu\/wp-content\/uploads\/2011\/01\/apie_praneseja-M.-Jovaisa.doc\">informacija apie prane\u0161\u0117j\u0105<\/a>, <a href=\"http:\/\/vadybospraktika-mokslas.mruni.eu\/wp-content\/uploads\/2011\/01\/Pranesimas-Jovaisos.doc\">prane\u0161imas<\/a>;<\/p>\n<p>R. Bieliauskien\u0117: <a href=\"http:\/\/vadybospraktika-mokslas.mruni.eu\/wp-content\/uploads\/2011\/01\/apie_praneseja-Bieliauskiene.doc\">informacija apie prane\u0161\u0117j\u0105<\/a>, <a href=\"http:\/\/vadybospraktika-mokslas.mruni.eu\/wp-content\/uploads\/2011\/01\/pranesimas-Bieliauskienes.ppt\">prane\u0161imas<\/a>, <a href=\"http:\/\/vadybospraktika-mokslas.mruni.eu\/wp-content\/uploads\/2011\/01\/tez\u0117s_rekomendacijos-Bieliauskienes.doc\">tez\u0117s-rekomendacijos<\/a>;<\/p>\n<p>R. Vilk\u0117: <a href=\"http:\/\/vadybospraktika-mokslas.mruni.eu\/wp-content\/uploads\/2011\/01\/apie_praneseja-Vilke.doc\">informacija apie prane\u0161\u0117j\u0105<\/a>, <a href=\"http:\/\/vadybospraktika-mokslas.mruni.eu\/wp-content\/uploads\/2011\/01\/pranesimas-VIlke.ppt\">prane\u0161imas<\/a>, <a href=\"http:\/\/vadybospraktika-mokslas.mruni.eu\/wp-content\/uploads\/2011\/01\/tez\u0117s_rekomendacijos.Vilke_.doc\">tez\u0117s-rekomendacijos<\/a>;<\/p>\n<p>V. Jurgaitis: <a href=\"http:\/\/vadybospraktika-mokslas.mruni.eu\/wp-content\/uploads\/2011\/01\/apie_praneseja-Jurgaiti.doc\">informacija apie prane\u0161\u0117j\u0105<\/a>, <a href=\"http:\/\/vadybospraktika-mokslas.mruni.eu\/wp-content\/uploads\/2011\/01\/pateiktis2.ppt\">prane\u0161imas<\/a>, <a href=\"http:\/\/vadybospraktika-mokslas.mruni.eu\/wp-content\/uploads\/2011\/01\/tez\u0117s_rekomendacijos-Jurgaitis.doc\">tez\u0117s-rekomendacijos<\/a>;<\/p>\n<p>V. Kanapinskas: <a href=\"http:\/\/vadybospraktika-mokslas.mruni.eu\/wp-content\/uploads\/2011\/01\/apie_praneseja-Kanapinskas.doc\">informacija apie prane\u0161\u0117j\u0105<\/a>, <a href=\"http:\/\/vadybospraktika-mokslas.mruni.eu\/wp-content\/uploads\/2011\/01\/pranesimas-Kanapinskas.ppt\">prane\u0161imas<\/a>, <a href=\"http:\/\/vadybospraktika-mokslas.mruni.eu\/wp-content\/uploads\/2011\/01\/Tez\u0117s-_rekomendacijos-Kanapinskas.doc\">tez\u0117s-rekomendacijos<\/a>;<\/p>\n<p>V. \u0160lapkauskas: <a href=\"http:\/\/vadybospraktika-mokslas.mruni.eu\/wp-content\/uploads\/2011\/01\/apie_praneseja-Slapkauskas.doc\">informacija apie prane\u0161\u0117j\u0105<\/a>, <a href=\"http:\/\/vadybospraktika-mokslas.mruni.eu\/wp-content\/uploads\/2011\/01\/Slapkauskas.ppt\">prane\u0161imas<\/a>, <a href=\"http:\/\/vadybospraktika-mokslas.mruni.eu\/wp-content\/uploads\/2011\/01\/tez\u0117s_rekomendacijos-Slapkauskas.doc\">tez\u0117s-rekomendacijos<\/a>;<\/p>\n<p>V. Gra\u017eulis: <a href=\"http:\/\/vadybospraktika-mokslas.mruni.eu\/wp-content\/uploads\/2011\/01\/apie_praneseja-Grazulis.doc\">informacija apie prane\u0161\u0117j\u0105<\/a>, <a href=\"http:\/\/vadybospraktika-mokslas.mruni.eu\/wp-content\/uploads\/2011\/01\/Pranesimas-Grazulis.ppt\">prane\u0161imas<\/a>, <a href=\"http:\/\/vadybospraktika-mokslas.mruni.eu\/wp-content\/uploads\/2011\/01\/tez\u0117s_rekomendacijos-Grazulis.doc\">tez\u0117s-rekomendacijos<\/a>;<\/p>\n<p>V. Krasauskas: <a href=\"http:\/\/vadybospraktika-mokslas.mruni.eu\/wp-content\/uploads\/2011\/01\/apie_praneseja-Krasauska2.doc\">informacija apie prane\u0161\u0117j\u0105<\/a>, <a href=\"http:\/\/vadybospraktika-mokslas.mruni.eu\/wp-content\/uploads\/2011\/01\/Krasausko-pranesimas-2.ppt\">prane\u0161imas<\/a>;<\/p>\n<p>\u017d. \u0160utavi\u010dien\u0117: <a href=\"http:\/\/vadybospraktika-mokslas.mruni.eu\/wp-content\/uploads\/2011\/01\/apie_praneseja-Sutaviciene.doc\">informacija apie prane\u0161\u0117j\u0105<\/a>, <a href=\"http:\/\/vadybospraktika-mokslas.mruni.eu\/wp-content\/uploads\/2011\/01\/pranesimas-Sutaviciene.ppt\">prane\u0161imas<\/a>, <a href=\"http:\/\/vadybospraktika-mokslas.mruni.eu\/wp-content\/uploads\/2011\/01\/Tez\u0117s-Sutaviciene1.doc\">tez\u0117s-rekomendacijos<\/a>.<\/p>\n","protected":false},"excerpt":{"rendered":"<p>Konferencijos\u00a0 programa ir dalyviai Konferencijos foto reporta\u017eas ir dalyvi\u0173 vertinimas PRANE\u0160\u0116JAI: A. Urmanas: informacija apie prane\u0161\u0117j\u0105, prane\u0161imas, tez\u0117s-rekomendacijos; A. Ladek: \u00a0 informacija apie prane\u0161\u0117j\u0105, prane\u0161imas, tez\u0117s-rekomendacijos; A. Aranauskien\u0117: informacija apie prane\u0161\u0117j\u0105, prane\u0161imas, prane\u0161imo tez\u0117s; T. Bilevi\u010dien\u0117, E. Bilevi\u010di\u016bt\u0117: informacija apie prane\u0161\u0117jas, prane\u0161imas, tez\u0117s-rekomendacijos; B. Mikulskien\u0117: informacija apie prane\u0161\u0117j\u0105, prane\u0161imas, tez\u0117s-rekomendacijos; E. Sakalauskas: informacija apie prane\u0161\u0117j\u0105, &hellip; <\/p>\n<p class=\"link-more\"><a href=\"https:\/\/bendruomeniskumas.mruni.eu\/?page_id=198\" class=\"more-link\">Continue reading<span class=\"screen-reader-text\"> &#8220;2osios (2010m.) praktin\u0117s &#8211; mokslin\u0117s konferencijos med\u017eiaga&#8221;<\/span><\/a><\/p>\n","protected":false},"author":1,"featured_media":0,"parent":0,"menu_order":0,"comment_status":"closed","ping_status":"open","template":"","meta":{"footnotes":""},"class_list":["post-198","page","type-page","status-publish","hentry"],"_links":{"self":[{"href":"https:\/\/bendruomeniskumas.mruni.eu\/index.php?rest_route=\/wp\/v2\/pages\/198","targetHints":{"allow":["GET"]}}],"collection":[{"href":"https:\/\/bendruomeniskumas.mruni.eu\/index.php?rest_route=\/wp\/v2\/pages"}],"about":[{"href":"https:\/\/bendruomeniskumas.mruni.eu\/index.php?rest_route=\/wp\/v2\/types\/page"}],"author":[{"embeddable":true,"href":"https:\/\/bendruomeniskumas.mruni.eu\/index.php?rest_route=\/wp\/v2\/users\/1"}],"replies":[{"embeddable":true,"href":"https:\/\/bendruomeniskumas.mruni.eu\/index.php?rest_route=%2Fwp%2Fv2%2Fcomments&post=198"}],"version-history":[{"count":1,"href":"https:\/\/bendruomeniskumas.mruni.eu\/index.php?rest_route=\/wp\/v2\/pages\/198\/revisions"}],"predecessor-version":[{"id":199,"href":"https:\/\/bendruomeniskumas.mruni.eu\/index.php?rest_route=\/wp\/v2\/pages\/198\/revisions\/199"}],"wp:attachment":[{"href":"https:\/\/bendruomeniskumas.mruni.eu\/index.php?rest_route=%2Fwp%2Fv2%2Fmedia&parent=198"}],"curies":[{"name":"wp","href":"https:\/\/api.w.org\/{rel}","templated":true}]}}