{"id":201,"date":"2014-12-16T13:17:57","date_gmt":"2014-12-16T13:17:57","guid":{"rendered":"http:\/\/bendruomeniskumas.mruni.eu\/?page_id=201"},"modified":"2014-12-16T13:17:57","modified_gmt":"2014-12-16T13:17:57","slug":"3osios-2011m-praktines-mokslines-konferencijos-medziaga","status":"publish","type":"page","link":"https:\/\/bendruomeniskumas.mruni.eu\/?page_id=201","title":{"rendered":"3osios (2011m.) praktin\u0117s &#8211; mokslin\u0117s konferencijos med\u017eiaga"},"content":{"rendered":"<p><strong><a href=\"http:\/\/vadybospraktika-mokslas.mruni.eu\/wp-content\/uploads\/2011\/04\/konferencijos_programa_kvietimas_2011.pdf\">Konferencijos programa ir dalyviai<\/a><\/strong><\/p>\n<p><strong>PRANE\u0160\u0116JAI:<\/strong><\/p>\n<p>A. Janauskait\u0117<strong>: <\/strong><a href=\"http:\/\/vadybospraktika-mokslas.mruni.eu\/wp-content\/uploads\/2011\/04\/Aist\u0117-Janauskait\u0117.doc\">informacija apie prane\u0161\u0117j\u0105<\/a><strong>, <\/strong><a href=\"http:\/\/vadybospraktika-mokslas.mruni.eu\/wp-content\/uploads\/2011\/04\/Aist\u0117-Janauskait\u0117.ppt\">prane\u0161imas<\/a><strong>.<\/strong><\/p>\n<p>B. Mikulskien\u0117: <a href=\"http:\/\/vadybospraktika-mokslas.mruni.eu\/wp-content\/uploads\/2011\/04\/Birut\u0117-Mikulskien\u0117.doc\">informacija apie prane\u0161\u0117j\u0105<\/a>, <a href=\"http:\/\/vadybospraktika-mokslas.mruni.eu\/wp-content\/uploads\/2011\/04\/Birut\u0117-Mikulskien\u01171.ppt\">prane\u0161imas<\/a>.<\/p>\n<p>E. Bilevi\u010di\u016bt\u0117 ir T. Bilevi\u010dien\u0117: <a href=\"http:\/\/vadybospraktika-mokslas.mruni.eu\/wp-content\/uploads\/2011\/04\/Egl\u0117-Bilevi\u010di\u016bt\u0117-ir-Tatjana-Bilevi\u010dien\u0117.doc\">informacija apie prane\u0161\u0117jas<\/a>, <a href=\"http:\/\/vadybospraktika-mokslas.mruni.eu\/wp-content\/uploads\/2011\/04\/Egl\u0117-Bilevi\u010di\u016bt\u0117-ir-Tatjana-Bilevi\u010dien\u0117.ppt\">prane\u0161imas<\/a>.<\/p>\n<p>J. Jasaitis: <a href=\"http:\/\/vadybospraktika-mokslas.mruni.eu\/wp-content\/uploads\/2011\/04\/Jonas-Jasaitis.doc\">informacija apie prane\u0161\u0117j\u0105<\/a>, <a href=\"http:\/\/vadybospraktika-mokslas.mruni.eu\/wp-content\/uploads\/2011\/04\/Jonas-Jasaitis.ppt\">prane\u0161imas<\/a>.<\/p>\n<p>J. \u0160iug\u017edinien\u0117: <a href=\"http:\/\/vadybospraktika-mokslas.mruni.eu\/wp-content\/uploads\/2011\/04\/Jurgita-\u008a\u0160iug\u017edinien\u0117.doc\">informacija apie prane\u0161\u0117j\u0105<\/a>, <a href=\"http:\/\/vadybospraktika-mokslas.mruni.eu\/wp-content\/uploads\/2011\/04\/Jurgita-\u0160iug\u017edinien\u0117.ppt\">prane\u0161imas<\/a>.<\/p>\n<p>K. \u0160taras: <a href=\"http:\/\/vadybospraktika-mokslas.mruni.eu\/wp-content\/uploads\/2011\/04\/K\u0119stutis-\u0160taras1.doc\">informacija apie prane\u0161\u0117j\u0105<\/a>, <a href=\"http:\/\/vadybospraktika-mokslas.mruni.eu\/wp-content\/uploads\/2011\/04\/K\u0119stutis-\u0160taras.ppt\">prane\u0161imas<\/a>.<\/p>\n<p>R. Kalesnykas: <a href=\"http:\/\/vadybospraktika-mokslas.mruni.eu\/wp-content\/uploads\/2011\/04\/Raimundas-Kalesnykas1.doc\">informacija apie prane\u0161\u0117j\u0105<\/a>.<\/p>\n<p>R. Vanagas: <a href=\"http:\/\/vadybospraktika-mokslas.mruni.eu\/wp-content\/uploads\/2011\/04\/Ram\u016bnas-Vanagas.doc\">informacija apie prane\u0161\u0117j\u0105<\/a>.<\/p>\n<p>R. Gaili\u016bnien\u0117: <a href=\"http:\/\/vadybospraktika-mokslas.mruni.eu\/wp-content\/uploads\/2011\/04\/Renata-Gaili\u016bnien\u0117.doc\">informacija apie prane\u0161\u0117j\u0105<\/a>.<\/p>\n<p>V. Jurgaitis: <a href=\"http:\/\/vadybospraktika-mokslas.mruni.eu\/wp-content\/uploads\/2011\/04\/Vidmantas-Jurgaitis.doc\">informacija apie prane\u0161\u0117j\u0105<\/a>, <a href=\"http:\/\/vadybospraktika-mokslas.mruni.eu\/wp-content\/uploads\/2011\/04\/Vidmantas-Jurgaitis.ppt\">prane\u0161imas<\/a>.<\/p>\n<p>V. Atko\u010di\u016bnien\u0117 ir A. Aleksandravi\u010dius: <a href=\"http:\/\/vadybospraktika-mokslas.mruni.eu\/wp-content\/uploads\/2011\/04\/Vilma-Atko\u010di\u016bnien\u0117-ir-Alvydas-Aleksandravi\u010dius.doc\">informacija apie prane\u0161\u0117jus<\/a>, <a href=\"http:\/\/vadybospraktika-mokslas.mruni.eu\/wp-content\/uploads\/2011\/04\/Vilma-Atko\u010di\u016bnien\u0117-ir-Alvydas-Aleksandravi\u010dius1.ppt\">prane\u0161imas<\/a>.<\/p>\n<p>V. Rudzkien\u0117: <a href=\"http:\/\/vadybospraktika-mokslas.mruni.eu\/wp-content\/uploads\/2011\/04\/Vitalija-Rudzkien\u0117.doc\">informacija apie prane\u0161\u0117j\u0105<\/a>, <a href=\"http:\/\/vadybospraktika-mokslas.mruni.eu\/wp-content\/uploads\/2011\/04\/Vitalija-Rudzkien\u0117.ppt\">prane\u0161imas<\/a>.<\/p>\n<p>V. Nakro\u0161is: <a href=\"http:\/\/vadybospraktika-mokslas.mruni.eu\/wp-content\/uploads\/2011\/04\/Vitalis-Nakro\u009a\u0161is.doc\">informacija apie prane\u0161\u0117j\u0105<\/a>, <a href=\"http:\/\/vadybospraktika-mokslas.mruni.eu\/wp-content\/uploads\/2011\/04\/Vitalis-Nakro\u009a\u0161is.ppt\">prane\u0161imas<\/a>.<\/p>\n<p>V. \u0160lapkauskas: <a href=\"http:\/\/vadybospraktika-mokslas.mruni.eu\/wp-content\/uploads\/2011\/04\/Vytautas-\u0160lapkauskas.doc\">informacija apie prane\u0161\u0117j\u0105<\/a>, <a href=\"http:\/\/vadybospraktika-mokslas.mruni.eu\/wp-content\/uploads\/2011\/04\/Vytautas-\u0160lapkauskas.ppt\">prane\u0161imas<\/a>.<\/p>\n","protected":false},"excerpt":{"rendered":"<p>Konferencijos programa ir dalyviai PRANE\u0160\u0116JAI: A. Janauskait\u0117: informacija apie prane\u0161\u0117j\u0105, prane\u0161imas. B. Mikulskien\u0117: informacija apie prane\u0161\u0117j\u0105, prane\u0161imas. E. Bilevi\u010di\u016bt\u0117 ir T. Bilevi\u010dien\u0117: informacija apie prane\u0161\u0117jas, prane\u0161imas. J. Jasaitis: informacija apie prane\u0161\u0117j\u0105, prane\u0161imas. J. \u0160iug\u017edinien\u0117: informacija apie prane\u0161\u0117j\u0105, prane\u0161imas. K. \u0160taras: informacija apie prane\u0161\u0117j\u0105, prane\u0161imas. R. Kalesnykas: informacija apie prane\u0161\u0117j\u0105. R. Vanagas: informacija apie prane\u0161\u0117j\u0105. R. &hellip; <\/p>\n<p class=\"link-more\"><a href=\"https:\/\/bendruomeniskumas.mruni.eu\/?page_id=201\" class=\"more-link\">Continue reading<span class=\"screen-reader-text\"> &#8220;3osios (2011m.) praktin\u0117s &#8211; mokslin\u0117s konferencijos med\u017eiaga&#8221;<\/span><\/a><\/p>\n","protected":false},"author":1,"featured_media":0,"parent":0,"menu_order":0,"comment_status":"closed","ping_status":"open","template":"","meta":{"footnotes":""},"class_list":["post-201","page","type-page","status-publish","hentry"],"_links":{"self":[{"href":"https:\/\/bendruomeniskumas.mruni.eu\/index.php?rest_route=\/wp\/v2\/pages\/201","targetHints":{"allow":["GET"]}}],"collection":[{"href":"https:\/\/bendruomeniskumas.mruni.eu\/index.php?rest_route=\/wp\/v2\/pages"}],"about":[{"href":"https:\/\/bendruomeniskumas.mruni.eu\/index.php?rest_route=\/wp\/v2\/types\/page"}],"author":[{"embeddable":true,"href":"https:\/\/bendruomeniskumas.mruni.eu\/index.php?rest_route=\/wp\/v2\/users\/1"}],"replies":[{"embeddable":true,"href":"https:\/\/bendruomeniskumas.mruni.eu\/index.php?rest_route=%2Fwp%2Fv2%2Fcomments&post=201"}],"version-history":[{"count":1,"href":"https:\/\/bendruomeniskumas.mruni.eu\/index.php?rest_route=\/wp\/v2\/pages\/201\/revisions"}],"predecessor-version":[{"id":202,"href":"https:\/\/bendruomeniskumas.mruni.eu\/index.php?rest_route=\/wp\/v2\/pages\/201\/revisions\/202"}],"wp:attachment":[{"href":"https:\/\/bendruomeniskumas.mruni.eu\/index.php?rest_route=%2Fwp%2Fv2%2Fmedia&parent=201"}],"curies":[{"name":"wp","href":"https:\/\/api.w.org\/{rel}","templated":true}]}}