{"id":239,"date":"2015-01-09T09:17:34","date_gmt":"2015-01-09T09:17:34","guid":{"rendered":"http:\/\/bendruomeniskumas.mruni.eu\/?page_id=239"},"modified":"2016-01-14T13:36:59","modified_gmt":"2016-01-14T13:36:59","slug":"7osios-2015m-praktines-mokslines-konferencija","status":"publish","type":"page","link":"https:\/\/bendruomeniskumas.mruni.eu\/?page_id=239","title":{"rendered":"7osios (2015m.) praktin\u0117s \u2013 mokslin\u0117s konferencijos med\u017eiaga"},"content":{"rendered":"<p>Konferencijos tema:\u00a0<b>&#8220;Efektyvumas vie\u0161ajame sektoriuje:\u00a0kuo vadybos teorijos gali pasitarnauti\u00a0ir k\u0105 praktikai gali patarti?&#8221;<\/b><\/p>\n<p style=\"text-align: justify;\">Konferencijos koordinatorius Doc.dr. Saulius Nefas, <span style=\"color: #3366ff;\">saunef@mruni.eu<\/span> , tel. 8 687 35228<\/p>\n<p><span style=\"color: #000000;\"><a style=\"color: #000000;\" href=\"http:\/\/bendruomeniskumas.mruni.eu\/wp-content\/uploads\/2015\/01\/2015-Kvietimas-ir-programaa.pdf\">Konferencijos pristatymas<\/a><\/span><\/p>\n<p><span style=\"color: #000000;\"><a style=\"color: #000000;\" href=\"http:\/\/bendruomeniskumas.mruni.eu\/wp-content\/uploads\/2015\/01\/Konferencijos-programa.pdf\">Konferencijos programa<\/a><\/span><\/p>\n<p><span style=\"color: #000000;\"><a style=\"color: #000000;\" href=\"http:\/\/bendruomeniskumas.mruni.eu\/wp-content\/uploads\/2015\/01\/Nuotraukos-ir-dalyviai-apie-2015-m.-konferencija.pdf\">Konferencijos nuotraukos ir dalyvi\u0173 mintys apie 2015 met\u0173 konferencij\u0105<\/a><\/span><\/p>\n<p><em><span style=\"color: #3366ff;\"><strong><span style=\"color: #000000;\">KONFERENCIJOS MED\u017dIAGA:<\/span><\/strong><\/span><\/em><\/p>\n<p>1.\u00a0Doc. dr. Jurgitos \u0160iug\u017edinien\u0117s \u00a0<em><a href=\"http:\/\/bendruomeniskumas.mruni.eu\/wp-content\/uploads\/2015\/01\/SMART-Vilnius-lt-1.pptx\">\u201eKiek sumani Lietuvos vie\u0161ojo valdymo sistema?\u201c prane\u0161imas<\/a>\u00a0;\u00a0<\/em><\/p>\n<p>2.\u00a0Prof. dr. Gedimino Navai\u010dio\u00a0<a href=\"http:\/\/bendruomeniskumas.mruni.eu\/wp-content\/uploads\/2015\/01\/Gediminas_Navaitis2.pptx\"><em>\u201eS\u0117kminga bendruomen\u0117: svajon\u0117 ar tikrov\u0117?&#8221; prane\u0161imas<\/em><\/a> ; <a href=\"http:\/\/bendruomeniskumas.mruni.eu\/wp-content\/uploads\/2015\/01\/Apie-praneseja-Navaitis.pdf\">Apie prane\u0161\u0117j\u0105;<\/a><\/p>\n<p>3.\u00a0Ar\u016bno Ku\u010diko<a href=\"http:\/\/bendruomeniskumas.mruni.eu\/wp-content\/uploads\/2015\/01\/VBS-programos-igyvend_patirtis_2015_05-3.ppt\"><em>\u00a0\u201eVietos bendruomeni\u0173 savivaldos programos \u012fgyvendinimo patirtis\u201c prane\u0161imas<\/em><\/a> ; <a href=\"http:\/\/bendruomeniskumas.mruni.eu\/wp-content\/uploads\/2015\/01\/Apie-praneseja_Kucikas.pdf\">Apie prane\u0161\u0117j\u0105;<\/a><\/p>\n<p>4.\u00a0Prof. dr.\u00a0Irenos Leli\u016bgien\u0117s\u00a0<a href=\"http:\/\/bendruomeniskumas.mruni.eu\/wp-content\/uploads\/2015\/01\/I.L.2015-05-05-4.pptx\"><em>\u201eI\u0161\u0161\u016bkiai ir l\u016bkes\u010diai bendruomen\u0117s centr\u0173 lyderiams \u0161iuolaikin\u0117je visuomen\u0117je&#8221;? prane\u0161imas<\/em><\/a> ; <a href=\"http:\/\/bendruomeniskumas.mruni.eu\/wp-content\/uploads\/2015\/01\/Apie-praneseja_Leliugiene.pdf\">Apie prane\u0161\u0117j\u0105;<\/a>\u00a0Daugiau informacijos rasite <a href=\"http:\/\/bendruomeniskumas.mruni.eu\/wp-content\/uploads\/2015\/01\/I.Leli%C5%ABgiene-2015-05-05.docx\">\u010dia<\/a><\/p>\n<p>5.\u00a0Doc. dr. Jolitos Sinkien\u0117s ir Kristinos Grumadait\u0117s \u00a0<em><a href=\"http:\/\/bendruomeniskumas.mruni.eu\/wp-content\/uploads\/2015\/01\/MRU-SMART-miestas5.pptx\">\u201eSumanus miestas: kas, k\u0105 ir kaip turi daryti, kad tokiu tapti?\u201d prane\u0161imas ;<\/a>\u00a0 <\/em><a href=\"http:\/\/bendruomeniskumas.mruni.eu\/wp-content\/uploads\/2015\/01\/Apie-prane\u0161\u0117j\u0105-J-Sinkienee.pdf\">Apie prane\u0161\u0117j\u0105;<\/a><\/p>\n<p>6.\u00a0Dr. Egidijaus\u00a0Vareikio\u00a0<a href=\"http:\/\/bendruomeniskumas.mruni.eu\/wp-content\/uploads\/2015\/01\/Lietuva-2030-romeris-6.pptx\"><em>\u201eLietuvos ateities planavimo strategijos: kaip sukurti sumani\u0105 bendruomen\u0119&#8221; prane\u0161imas<\/em><\/a> ; <a href=\"http:\/\/bendruomeniskumas.mruni.eu\/wp-content\/uploads\/2015\/01\/Apie-praneseja_VAREIKIS.pdf\">Apie prane\u0161\u0117j\u0105<\/a> ;<\/p>\n<p>7.\u00a0Audron\u0117s Alijo\u0161i\u016bt\u0117s \u00a0<a href=\"http:\/\/bendruomeniskumas.mruni.eu\/wp-content\/uploads\/2015\/01\/Bendros-vert\u0117s-k\u016brimas_MRU7.pptx\"><em>\u201eBendros vert\u0117s k\u016brimas: kod\u0117l svarbi atsakinga savivaldos ir verslo partneryst\u0117 ir kaip\u00a0\u012fvardyti atstovavim\u0105?\u201c prane\u0161imas<\/em><\/a> ; <a href=\"http:\/\/bendruomeniskumas.mruni.eu\/wp-content\/uploads\/2015\/01\/Apie-praneseja-Navaitis.pdf\">Apie prane\u0161\u0117j\u0105;<\/a><\/p>\n<p>8. Edvardo Pociaus <a href=\"http:\/\/bendruomeniskumas.mruni.eu\/wp-content\/uploads\/2015\/01\/E.-demokratija-savivaldyb\u0117se-Pocius8.pptx\"><em>\u00a0\u201eE. demokratija savivaldyb\u0117je.&#8221; prane\u0161imas<\/em><\/a> ; <a href=\"http:\/\/bendruomeniskumas.mruni.eu\/wp-content\/uploads\/2015\/01\/Apie-praneseja_Pocius.pdf\">Apie prane\u0161\u0117j\u0105;<\/a><\/p>\n<p>9.\u00a0Dr. Jono Punio ir\u00a0Jono Kaminsko\u00a0<a href=\"http:\/\/bendruomeniskumas.mruni.eu\/wp-content\/uploads\/2015\/01\/Vadyba-savivald_istatymui-9.ppt\"><em>\u201eVadybos teorijos taikymo galimyb\u0117s Vietos savivaldos \u012fstatyme\u201d prane\u0161imas<\/em><\/a> ; <a href=\"http:\/\/bendruomeniskumas.mruni.eu\/wp-content\/uploads\/2015\/01\/Apie_praneseja_Punys_ir_Kaminskas.pdf\">Apie prane\u0161\u0117jus;<\/a><\/p>\n<p>10.\u00a0Prof. dr. Algirdo Astrausko\u00a0<a href=\"http:\/\/bendruomeniskumas.mruni.eu\/wp-content\/uploads\/2015\/01\/Prane\u0161imas-10.pptx\"><em>\u201eSeni\u016bnij\u0173 metini\u0173 veiklos plan\u0173 rengimas ir \u012fgyvendinimas: teisinis reglamentavimas ir vietos\u00a0gyventoj\u0173 dalyvavimas\u201c prane\u0161imas<\/em><\/a> ;<\/p>\n<p>11.\u00a0Prof.dr. Birut\u0117s\u00a0Mikulskien\u0117s\u00a0<em><a href=\"http:\/\/bendruomeniskumas.mruni.eu\/wp-content\/uploads\/2015\/01\/Prane\u0161imas-10.pptx\">\u201eE.platformos siekiant suinteresuot\u0173j\u0173 susikalb\u0117jimo: e.sveikatos atvejis\u201c prane\u0161imas<\/a>; <\/em><a href=\"http:\/\/bendruomeniskumas.mruni.eu\/wp-content\/uploads\/2015\/01\/Apie-praneseja-Mikulskiene.pdf\">Apie prane\u0161\u0117j\u0105.<\/a><\/p>\n<p>&nbsp;<\/p>\n<p>&nbsp;<\/p>\n","protected":false},"excerpt":{"rendered":"<p>Konferencijos tema:\u00a0&#8220;Efektyvumas vie\u0161ajame sektoriuje:\u00a0kuo vadybos teorijos gali pasitarnauti\u00a0ir k\u0105 praktikai gali patarti?&#8221; Konferencijos koordinatorius Doc.dr. Saulius Nefas, saunef@mruni.eu , tel. 8 687 35228 Konferencijos pristatymas Konferencijos programa Konferencijos nuotraukos ir dalyvi\u0173 mintys apie 2015 met\u0173 konferencij\u0105 KONFERENCIJOS MED\u017dIAGA: 1.\u00a0Doc. dr. Jurgitos \u0160iug\u017edinien\u0117s \u00a0\u201eKiek sumani Lietuvos vie\u0161ojo valdymo sistema?\u201c prane\u0161imas\u00a0;\u00a0 2.\u00a0Prof. dr. Gedimino Navai\u010dio\u00a0\u201eS\u0117kminga bendruomen\u0117: svajon\u0117 &hellip; <\/p>\n<p class=\"link-more\"><a href=\"https:\/\/bendruomeniskumas.mruni.eu\/?page_id=239\" class=\"more-link\">Continue reading<span class=\"screen-reader-text\"> &#8220;7osios (2015m.) praktin\u0117s \u2013 mokslin\u0117s konferencijos med\u017eiaga&#8221;<\/span><\/a><\/p>\n","protected":false},"author":1,"featured_media":0,"parent":0,"menu_order":0,"comment_status":"closed","ping_status":"open","template":"","meta":{"footnotes":""},"class_list":["post-239","page","type-page","status-publish","hentry"],"_links":{"self":[{"href":"https:\/\/bendruomeniskumas.mruni.eu\/index.php?rest_route=\/wp\/v2\/pages\/239","targetHints":{"allow":["GET"]}}],"collection":[{"href":"https:\/\/bendruomeniskumas.mruni.eu\/index.php?rest_route=\/wp\/v2\/pages"}],"about":[{"href":"https:\/\/bendruomeniskumas.mruni.eu\/index.php?rest_route=\/wp\/v2\/types\/page"}],"author":[{"embeddable":true,"href":"https:\/\/bendruomeniskumas.mruni.eu\/index.php?rest_route=\/wp\/v2\/users\/1"}],"replies":[{"embeddable":true,"href":"https:\/\/bendruomeniskumas.mruni.eu\/index.php?rest_route=%2Fwp%2Fv2%2Fcomments&post=239"}],"version-history":[{"count":64,"href":"https:\/\/bendruomeniskumas.mruni.eu\/index.php?rest_route=\/wp\/v2\/pages\/239\/revisions"}],"predecessor-version":[{"id":475,"href":"https:\/\/bendruomeniskumas.mruni.eu\/index.php?rest_route=\/wp\/v2\/pages\/239\/revisions\/475"}],"wp:attachment":[{"href":"https:\/\/bendruomeniskumas.mruni.eu\/index.php?rest_route=%2Fwp%2Fv2%2Fmedia&parent=239"}],"curies":[{"name":"wp","href":"https:\/\/api.w.org\/{rel}","templated":true}]}}