{"id":277,"date":"2015-02-08T08:48:30","date_gmt":"2015-02-08T08:48:30","guid":{"rendered":"http:\/\/bendruomeniskumas.mruni.eu\/?page_id=277"},"modified":"2016-01-25T19:56:49","modified_gmt":"2016-01-25T19:56:49","slug":"reglamentavimas","status":"publish","type":"page","link":"https:\/\/bendruomeniskumas.mruni.eu\/?page_id=277","title":{"rendered":"Reglamentavimas"},"content":{"rendered":"<p>Seime buvo pritarta Seimo nutarimui \u201eD\u0117l 2016 m. paskelbimo vietos bendruomeni\u0173 metais\u201c (nutarimo projekto nr.\u00a0 XIIP-2543(2)). \u0160iuo nutarimu Vyriausybei si\u016bloma sudaryti Vietos bendruomeni\u0173 met\u0173 komisij\u0105, kuri iki 2015 m. rugs\u0117jo 1 d. parengt\u0173 ir patvirtint\u0173 Vietos bendruomeni\u0173 met\u0173 program\u0105 ir prad\u0117t\u0173 parengiamuosius darbus jai \u012fgyvendinti.<\/p>\n<p><span style=\"text-decoration: underline; color: #000000;\"><em><a style=\"color: #000000; text-decoration: underline;\" href=\"http:\/\/bendruomeniskumas.mruni.eu\/wp-content\/uploads\/2016\/01\/2016-Vietos-bendruomeniu-metai-Vyriausyb\u0117s-nutarimas-1277_.pdf\">2016 Vietos bendruomeni\u0173 metai, Vyriausyb\u0117s nutarimas 1277.<\/a><\/em><\/span><\/p>\n<p><span style=\"text-decoration: underline;\"><em><span style=\"color: #000000;\"><a style=\"color: #000000; text-decoration: underline;\" href=\"http:\/\/bendruomeniskumas.mruni.eu\/wp-content\/uploads\/2015\/02\/Frakcijoms.pdf\">LVBOS parei\u0161kimas d\u0117l savivaldos sistemos atk\u016brimo Lietuvoje.<\/a><\/span><\/em><\/span><\/p>\n<p><strong>Pastangos reglamentuoti vietos bendruomeni\u0173 veikl\u0105:<\/strong><\/p>\n<p>&nbsp;<\/p>\n<ul>\n<li style=\"text-align: justify;\">\u00992006 m. gegu\u017e\u0117s 4 d. Seimo nutarimo projektas<em> \u201eD\u0117l vietos bendruomeni\u0173 organizacij\u0173 veiklos pl\u0117tros\u201c<\/em>. Seime sudaryta darbo grup\u0117, kurios tikslas &#8211; buvo i\u0161analizuoti Lietuvoje esan\u010dius teis\u0117s aktus ir pateikti j\u0173 pakeitimus. \u00a0\u0160iame nutarime\u00a0 si\u016bloma pavesti Lietuvos Respublikos Vyriausybei iki 2006 m. lapkri\u010dio 1 d. i\u0161nagrin\u0117ti galimyb\u0119, pakeitus tam tikrus teis\u0117s aktus, \u012ftvirtinanti nuostat\u0105, kad 2% gyventoj\u0173 pajam\u0173 mokes\u010dio, kurio patys mokes\u010di\u0173 mok\u0117tojai niekam nepaskyr\u0117, atitekt\u0173 b\u016btent tos gyvenamosios vietov\u0117s, kurioje gyvena mokes\u010di\u0173 mok\u0117tojai, vie\u0161iesiems interesams tenkinti ir b\u016bt\u0173 naudojami suderinus su vietos bendruomen\u0117s sprendimais. Seimo Kaimo reikal\u0173, Biud\u017eeto ir finans\u0173 komitetai, \u0161iai nuostatai nepritar\u0117 argumentuodami tuo, jog\u00a0 kiekvienas asmuo tur\u0117t\u0173 asmeni\u0161kai apsispr\u0119sti, kam skirti 2 proc. gyventoj\u0173 pajam\u0173 mokes\u010dio. Be to j\u0173 teigimu si\u016blom\u0173 nuostat\u0173 \u012fgyvendinimas b\u016bt\u0173 itin problemati\u0161kas l\u0117\u0161\u0173 administravimo ir paskirstymo pagal gyvenam\u0105sias vietoves<\/li>\n<li style=\"text-align: justify;\">2007 m. kovo 14 d. Vyriausyb\u0117s nutarimas <em>\u201eD\u0117l vidin\u0117s savivaldybi\u0173 decentralizacijos koncepcijos \u012fgyvendinimo\u201c<\/em>.\u00a0 \u0160iame nutarime buvo numatyta nema\u017eai poky\u010di\u0173 vietos savivaldoje, ta\u010diau pavedus Vidaus reikal\u0173 ministerijai pateikti Vietos savivaldos bei kit\u0173 \u012fstatym\u0173 pakeitimus, ministerija pasi\u016bl\u0117 tik ne\u017eymiai pakeisti Vietos savivaldos \u012fstatym\u0105.<\/li>\n<li style=\"text-align: justify;\">2008 m. lapkri\u010dio 4 d. Vyriausyb\u0117s nutarimas <em>\u201eD\u0117l gyvenam\u0173j\u0173 vietovi\u0173 bendruomeni\u0173 finansinio r\u0117mimo programos patvirtinimo\u201c<\/em>. \u0160ia programa buvo siekiama skirti apie\u00a0 1770 t\u016bkst. lt. \u012fvairiems bendruomeni\u0173 forumams, mokymams. 2009\u00a0 m. buvo skirta 20 t\u016bkst. Lt. tik vienai i\u0161 priemoni\u0173 &#8211;\u00a0 Organizuoti veikliausios gyvenamosios vietov\u0117s bendruomen\u0117s atrank\u0105. 2010 ir 2011 m. buvo numatyta skirti daugiau l\u0117\u0161\u0173 \u012fvairioms programoms, ta\u010diau 2010 m. baland\u017eio 18 d. \u0161is nutarimas buvo paskelbtas netekusiu galios argumentuojant tuo, jog \u0161iuo metu n\u0117ra finansini\u0173 galimybi\u0173 tinkamai \u012fgyvendinti \u0161\u012f nutarim\u0105.<\/li>\n<li style=\"text-align: justify;\">\u00992009 m. baland\u017eio 2 d. Vidaus reikal\u0173 ministro \u012fsakymas <em>\u201eD\u0117l pavyzdinio gyvenamosios vietov\u0117s bendruomen\u0117s\u00a0 statuto patvirtinimo\u201c<\/em>. \u0160iuo metu \u0161is \u012fsakymas n\u0117ra naudojamas.<\/li>\n<\/ul>\n<h3 style=\"text-align: justify;\">\u0160iuo metu galiojantys teis\u0117s aktai:<\/h3>\n<ul style=\"list-style-type: disc;\">\n<li style=\"text-align: justify;\">1994 m. liepos 7 d.priimtas\u00a0 \u201eVietos savivaldos \u012fstatymas\u201c , kuriame apibr\u0117\u017eiamos pagrindin\u0117s savivaldos institucij\u0173 siekis atstovauti savivaldyb\u0117s bendruomeni\u0173 interesus, apibr\u0117\u017eiama gyvenamosios vietov\u0117s bendruomen\u0117s s\u0105vok\u0105, atsakingumo savivaldyb\u0117s bendruomenei, bendruomen\u0117s ir atskir\u0173 savivaldyb\u0117s gyventoj\u0173 interes\u0173 derinimo principai. Savivaldyb\u0117s taryba ne re\u010diau kaip vien\u0105 kart\u0105 per metus reglamento nustatyta tvarka turi pateikti savivaldyb\u0117s bendruomenei vie\u0161\u0105 savo veiklos ataskait\u0105. Etikos komisijoje gyvenam\u0173j\u0173 vietovi\u0173 bendruomeni\u0173 atstovai turi sudaryti ne ma\u017eiau kaip 1\/3 komisijos nari\u0173. Reglamente, be kit\u0173 klausim\u0173, turi b\u016bti numatytos pagrindin\u0117s bendravimo su gyventojais formos ir b\u016bdai, u\u017etikrinantys vietos savivaldos princip\u0173 ir teis\u0117s \u012fgyvendinim\u0105 bendruomen\u0117s interesais. Meras r\u016bpinasi, kad b\u016bt\u0173 sudarytos tinkamos prielaidos ir galimyb\u0117s gyvenam\u0173j\u0173 vietovi\u0173 bendruomen\u0117s narius \u012ftraukti \u012f vietos reikal\u0173 tvarkym\u0105. Savivaldyb\u0117s tarybos narys yra Savivaldybi\u0173 taryb\u0173 rinkim\u0173 \u012fstatymo nustatyta tvarka\u00a0savivaldyb\u0117s nuolatini\u0173 gyventoj\u0173 i\u0161rinktas savivaldyb\u0117s bendruomen\u0117s atstovas. Pretendent\u0173 \u012f seni\u016bno pareigas konkurso komisija sudaroma i\u0161 7 nari\u0173; ne ma\u017eiau kaip 3 ir ne daugiau kaip 4 \u0161ios komisijos nariai turi b\u016bti tos seni\u016bnijos aptarnaujamos teritorijos gyvenam\u0173j\u0173 vietovi\u0173 bendruomeni\u0173 atstovai \u2013 seni\u016bnai\u010diai. Seni\u016bnaitij\u0173 gyventojai renka gyvenamosios vietov\u0117s bendruomen\u0117s atstovus \u2013 seni\u016bnai\u010dius. Seni\u016bnai\u010diai seni\u016bnijos aptarnaujamos teritorijos gyvenam\u0173j\u0173 vietovi\u0173 ar j\u0173 dali\u0173 bendruomen\u0117ms r\u016bpimus klausimus svarsto ir sprendimus priima seni\u016bnai\u010di\u0173 sueigoje. Sueigoje seni\u016bnai\u010diai sprend\u017eia d\u0117l projekt\u0173, kuriuos teikia seni\u016bnaitij\u0173 teritorijose esan\u010dios bendruomenin\u0117s organizacijos, \u012fgyvendinimo tikslingumo.<\/li>\n<li style=\"text-align: justify;\">2004 m. sausio 22 d. priimtas \u201eAsociacij\u0173 \u012fstatymas\u201c, kuriame reglamentuojamos bendruomenini\u0173 organizacij\u0173 veiklos galimyb\u0117s, j\u0173 sudarymas.<\/li>\n<li style=\"text-align: justify;\">2011 m. gruod\u017eio 21 d. Socialin\u0117s apsaugos ir darbo ministro \u012fsakymas \u201eD\u0117l vietos bendruomeni\u0173 savivaldos programos patvirtinimo\u201c, kuris s\u0117kmingai t\u0119siamas ir iki \u0161i\u0173 dien\u0173. \u0160iuo metu aktuali \u012fsakymo redakcija nuo 2014 m. kovo 5 d.\u00a0 \u0160ios programos tikslas \u2013 skatinti vietos bendruomeni\u0173 savivald\u0105 ir savaranki\u0161kum\u0105, tenkinant vietos bendruomeni\u0173 vie\u0161uosius poreikius, stiprinti bendruomeni\u0173 sutelktum\u0105 ir tarpusavio pasitik\u0117jim\u0105 bei didinti bendruomen\u0117s nari\u0173 atsakomyb\u0119 u\u017e j\u0173 bendruomen\u0117se sprend\u017eiamus klausimus. Jame reglamentuojama vietos bendruomeni\u0173 taryb\u0173 veikla, j\u0173 galimyb\u0117s skirstyti l\u0117\u0161as \u012fvairioms su vietos bendruomene susijusioms veikloms.<\/li>\n<li>2014 gegu\u017e\u0117s 8 d. \u012fregistruotas \u201eVietos bendruomeni\u0173 savivaldos politikos pagrind\u0173 \u012fstatymo projektas\u201c, kuriame:<br \/>\n* vietos bendruomen\u0117ms numatoma suteikti galimyb\u0119 pa\u010dioms priimti sprendimus \u012fgyvendinant subsidiarumo princip\u0105;<\/li>\n<\/ul>\n<p style=\"text-align: justify;\">\u0099 \u00a0 \u00a0 * vietos bendruomenin\u0117 organizacija gali tenkinti vietos gyventoj\u0173 vie\u0161uosius poreikius &#8211;\u00a0 teikti nustatytas paslaugas bendruomen\u0117s nariams;<\/p>\n<p style=\"text-align: justify;\">\u00a0 \u00a0 \u00a0 * \u0099 seni\u016bnija turi savo biud\u017eet\u0105 ir gauna tam tikr\u0105 savivaldyb\u0117s tarybos nustatyt\u0105 finansavim\u0105;<\/p>\n<p style=\"text-align: justify;\">\u0099 \u00a0 \u00a0 \u00a0* seni\u016bnas ir seni\u016bnaitis yra renkami tiesiogiai;<\/p>\n<p style=\"text-align: justify;\">\u0099 \u00a0 \u00a0 \u00a0* seni\u016bnija \u2013 juridinis asmuo su savo savaranki\u0161ku biud\u017eetu;<\/p>\n<p style=\"text-align: justify;\">\u0099 \u00a0 \u00a0* gyventojo niekam asmeniniu apsisprendimu nepaskirti 2 proc. gyventoj\u0173 pajam\u0173 mokes\u010dio (GPM) lieka vietos bendruomen\u0117s, kur mokes\u010di\u0173 mok\u0117tojas gyvena, poreikiams tenkinti.<\/p>\n<h5 style=\"text-align: justify;\"><strong>Valstybin\u0117s institucijos ir j\u0173 atstovai tiesiogiai prisidedantys prie vietos bendruomeni\u0173 veiklos:<\/strong><\/h5>\n<p style=\"text-align: justify;\">Seimo Bendruomeni\u0173 ir pilietin\u0117s visuomen\u0117s parlamentin\u0117s grup\u0117s pirmininkas D. Jankauskas<\/p>\n<p style=\"text-align: justify;\">Vidaus reikal\u0173 ministerijos Vie\u0161ojo valdymo politikos departamento Vietos savivaldos politikos skyriaus ved\u0117ja D. Masaitien\u0117<\/p>\n<p style=\"text-align: justify;\">Vidaus reikal\u0173 ministerijos Regionin\u0117s politikos departamento Regionin\u0117s politikos strateginio koordinavimo skyriaus ved\u0117jas G. \u010cesonis<\/p>\n<p style=\"text-align: justify;\">Socialin\u0117s apsaugos ir darbo ministerijos \u0160eimos ir bendruomeni\u0173 departamento\u00a0 bendruomeni\u0173 reikal\u0173 skyriaus ved\u0117jas A. Ku\u010dikas<\/p>\n","protected":false},"excerpt":{"rendered":"<p>Seime buvo pritarta Seimo nutarimui \u201eD\u0117l 2016 m. paskelbimo vietos bendruomeni\u0173 metais\u201c (nutarimo projekto nr.\u00a0 XIIP-2543(2)). \u0160iuo nutarimu Vyriausybei si\u016bloma sudaryti Vietos bendruomeni\u0173 met\u0173 komisij\u0105, kuri iki 2015 m. rugs\u0117jo 1 d. parengt\u0173 ir patvirtint\u0173 Vietos bendruomeni\u0173 met\u0173 program\u0105 ir prad\u0117t\u0173 parengiamuosius darbus jai \u012fgyvendinti. 2016 Vietos bendruomeni\u0173 metai, Vyriausyb\u0117s nutarimas 1277. LVBOS parei\u0161kimas d\u0117l &hellip; <\/p>\n<p class=\"link-more\"><a href=\"https:\/\/bendruomeniskumas.mruni.eu\/?page_id=277\" class=\"more-link\">Continue reading<span class=\"screen-reader-text\"> &#8220;Reglamentavimas&#8221;<\/span><\/a><\/p>\n","protected":false},"author":1,"featured_media":0,"parent":0,"menu_order":0,"comment_status":"closed","ping_status":"open","template":"","meta":{"footnotes":""},"class_list":["post-277","page","type-page","status-publish","hentry"],"_links":{"self":[{"href":"https:\/\/bendruomeniskumas.mruni.eu\/index.php?rest_route=\/wp\/v2\/pages\/277","targetHints":{"allow":["GET"]}}],"collection":[{"href":"https:\/\/bendruomeniskumas.mruni.eu\/index.php?rest_route=\/wp\/v2\/pages"}],"about":[{"href":"https:\/\/bendruomeniskumas.mruni.eu\/index.php?rest_route=\/wp\/v2\/types\/page"}],"author":[{"embeddable":true,"href":"https:\/\/bendruomeniskumas.mruni.eu\/index.php?rest_route=\/wp\/v2\/users\/1"}],"replies":[{"embeddable":true,"href":"https:\/\/bendruomeniskumas.mruni.eu\/index.php?rest_route=%2Fwp%2Fv2%2Fcomments&post=277"}],"version-history":[{"count":12,"href":"https:\/\/bendruomeniskumas.mruni.eu\/index.php?rest_route=\/wp\/v2\/pages\/277\/revisions"}],"predecessor-version":[{"id":503,"href":"https:\/\/bendruomeniskumas.mruni.eu\/index.php?rest_route=\/wp\/v2\/pages\/277\/revisions\/503"}],"wp:attachment":[{"href":"https:\/\/bendruomeniskumas.mruni.eu\/index.php?rest_route=%2Fwp%2Fv2%2Fmedia&parent=277"}],"curies":[{"name":"wp","href":"https:\/\/api.w.org\/{rel}","templated":true}]}}