{"id":450,"date":"2016-01-08T13:29:35","date_gmt":"2016-01-08T13:29:35","guid":{"rendered":"http:\/\/bendruomeniskumas.mruni.eu\/?page_id=450"},"modified":"2016-01-11T20:01:15","modified_gmt":"2016-01-11T20:01:15","slug":"baigiamieji-darbai-apie-bendruomeniskuma","status":"publish","type":"page","link":"https:\/\/bendruomeniskumas.mruni.eu\/?page_id=450","title":{"rendered":"Baigiamieji darbai apie bendruomeni\u0161kum\u0105"},"content":{"rendered":"<p><a href=\"http:\/\/bendruomeniskumas.mruni.eu\/wp-content\/uploads\/2016\/01\/Bakalauro-baigiamasis-darbas-Macyte.pdf\">1. \u201eBendruomeni\u0161kum\u0105 lemian\u010di\u0173 faktori\u0173 ir veiksm\u0173 funkcionavimas Lietuvoje praeityje ir dabar\u201c, Macyt\u0117, 2015, bakalauro baigiamasis darbas.<\/a><\/p>\n<p><a href=\"http:\/\/bendruomeniskumas.mruni.eu\/wp-content\/uploads\/2016\/01\/BAK_-Lapenaite.pdf\">2. \u201eGyvenam\u0173j\u0173 vietovi\u0173 bendruomen\u0117s ir j\u0173 bendradarbiavimas su savivaldybi\u0173 institucijomis ir \u012fstaigomis\u201c, Lap\u0117nait\u0117, 2015, bakalauro baigiamasis darbas.<\/a><\/p>\n<p><a href=\"http:\/\/bendruomeniskumas.mruni.eu\/wp-content\/uploads\/2016\/01\/MBD_Valerijus_Zdanavicius.pdf\">3. \u201eB\u016bsto politika ir vietos bendruomen\u0117\u201c, Zdanavi\u010dius, 2015, magistro baigiamasis darbas.<\/a><\/p>\n<p><a href=\"http:\/\/bendruomeniskumas.mruni.eu\/wp-content\/uploads\/2016\/01\/MBD_Giedre-_Tumosiene_-2015_04_09.pdf\">4. \u201eSavivaldyb\u0117s bendruomeni\u0161kumo indekso nustatymas\u201c, Tumosien\u0117, 2015, magistro baigiamasis darbas.<\/a><\/p>\n<p><a href=\"http:\/\/bendruomeniskumas.mruni.eu\/wp-content\/uploads\/2016\/01\/MBD_J._Knietait\u0117_.pdf\">5. \u201eBendruomeni\u0161kumo indekso matavimas savivaldyb\u0117je\u201c, Knietait\u0117, 2015, magistro baigiamasis darbas.<\/a><\/p>\n<p><a href=\"http:\/\/bendruomeniskumas.mruni.eu\/wp-content\/uploads\/2016\/01\/BAK_Abromaityte_2013_1107.pdf\">6. \u201eBendruomeni\u0161kumo faktoriai ir j\u0173 funkcionavimas mokykloje\u201c, Abromaityt\u0117, 2013, bakalauro baigiamasis darbas.<\/a><\/p>\n<p><a href=\"http:\/\/bendruomeniskumas.mruni.eu\/wp-content\/uploads\/2016\/01\/BAK_D-_Mauricaite_-11_-13.pdf\">7. \u201eBendruomeni\u0161kumo lygmens matavimas savivaldyb\u0117je\u201c, Mauricait\u0117, 2013, bakalauro baigiamasis darbas.<\/a><\/p>\n<p><a href=\"http:\/\/bendruomeniskumas.mruni.eu\/wp-content\/uploads\/2016\/01\/BAK_A_Laurynaitiene_-2013_-04_15.pdf\">8. \u201eBendruomeni\u0161kum\u0105 lemiantys faktoriai ir veiksmai Lietuvoje praeityje ir dabar\u201c, Laurynaitien\u0117, 2013, bakalauro baigiamasis darbas.<\/a><\/p>\n<p><a href=\"http:\/\/bendruomeniskumas.mruni.eu\/wp-content\/uploads\/2016\/01\/BAK_-Stapulionyte_-Maldaikyte_2012_03_25-.pdf\">9. \u201eSavivaldybi\u0173 bendruomeni\u0161kumo lygio matavimas\/ Bir\u017e\u0173 ir Ukmerg\u0117s rajon\u0173 savivaldybi\u0173 atvejis\u201c, Stapulionyt\u0117, Maldaikyt\u0117, 2012, bakalauro baigiamasis darbas.<\/a><\/p>\n","protected":false},"excerpt":{"rendered":"<p>1. \u201eBendruomeni\u0161kum\u0105 lemian\u010di\u0173 faktori\u0173 ir veiksm\u0173 funkcionavimas Lietuvoje praeityje ir dabar\u201c, Macyt\u0117, 2015, bakalauro baigiamasis darbas. 2. \u201eGyvenam\u0173j\u0173 vietovi\u0173 bendruomen\u0117s ir j\u0173 bendradarbiavimas su savivaldybi\u0173 institucijomis ir \u012fstaigomis\u201c, Lap\u0117nait\u0117, 2015, bakalauro baigiamasis darbas. 3. \u201eB\u016bsto politika ir vietos bendruomen\u0117\u201c, Zdanavi\u010dius, 2015, magistro baigiamasis darbas. 4. \u201eSavivaldyb\u0117s bendruomeni\u0161kumo indekso nustatymas\u201c, Tumosien\u0117, 2015, magistro baigiamasis darbas. 5. &hellip; <\/p>\n<p class=\"link-more\"><a href=\"https:\/\/bendruomeniskumas.mruni.eu\/?page_id=450\" class=\"more-link\">Continue reading<span class=\"screen-reader-text\"> &#8220;Baigiamieji darbai apie bendruomeni\u0161kum\u0105&#8221;<\/span><\/a><\/p>\n","protected":false},"author":2,"featured_media":0,"parent":0,"menu_order":0,"comment_status":"closed","ping_status":"closed","template":"","meta":{"footnotes":""},"class_list":["post-450","page","type-page","status-publish","hentry"],"_links":{"self":[{"href":"https:\/\/bendruomeniskumas.mruni.eu\/index.php?rest_route=\/wp\/v2\/pages\/450","targetHints":{"allow":["GET"]}}],"collection":[{"href":"https:\/\/bendruomeniskumas.mruni.eu\/index.php?rest_route=\/wp\/v2\/pages"}],"about":[{"href":"https:\/\/bendruomeniskumas.mruni.eu\/index.php?rest_route=\/wp\/v2\/types\/page"}],"author":[{"embeddable":true,"href":"https:\/\/bendruomeniskumas.mruni.eu\/index.php?rest_route=\/wp\/v2\/users\/2"}],"replies":[{"embeddable":true,"href":"https:\/\/bendruomeniskumas.mruni.eu\/index.php?rest_route=%2Fwp%2Fv2%2Fcomments&post=450"}],"version-history":[{"count":2,"href":"https:\/\/bendruomeniskumas.mruni.eu\/index.php?rest_route=\/wp\/v2\/pages\/450\/revisions"}],"predecessor-version":[{"id":467,"href":"https:\/\/bendruomeniskumas.mruni.eu\/index.php?rest_route=\/wp\/v2\/pages\/450\/revisions\/467"}],"wp:attachment":[{"href":"https:\/\/bendruomeniskumas.mruni.eu\/index.php?rest_route=%2Fwp%2Fv2%2Fmedia&parent=450"}],"curies":[{"name":"wp","href":"https:\/\/api.w.org\/{rel}","templated":true}]}}