{"id":476,"date":"2016-01-15T16:28:47","date_gmt":"2016-01-15T16:28:47","guid":{"rendered":"http:\/\/bendruomeniskumas.mruni.eu\/?page_id=476"},"modified":"2017-06-25T16:37:49","modified_gmt":"2017-06-25T16:37:49","slug":"leidiniai","status":"publish","type":"page","link":"https:\/\/bendruomeniskumas.mruni.eu\/?page_id=476","title":{"rendered":"Leidiniai"},"content":{"rendered":"<p>&nbsp;<\/p>\n<p><span style=\"color: #000000;\"><em><strong><a style=\"color: #000000;\" href=\"http:\/\/bendruomeniskumas.mruni.eu\/wp-content\/uploads\/2016\/01\/Sendvario-seni\u016bnija.pdf\">Straipsnis apie Sendvario seni\u016bnij\u0105<\/a><\/strong><\/em><\/span><\/p>\n<p><a href=\"http:\/\/bendruomeniskumas.mruni.eu\/wp-content\/uploads\/2016\/01\/untitled2.gif\"><img loading=\"lazy\" decoding=\"async\" class=\"alignleft wp-image-648 size-medium\" src=\"http:\/\/bendruomeniskumas.mruni.eu\/wp-content\/uploads\/2016\/01\/untitled2-227x300.gif\" alt=\"\" width=\"227\" height=\"300\" srcset=\"https:\/\/bendruomeniskumas.mruni.eu\/wp-content\/uploads\/2016\/01\/untitled2-227x300.gif 227w, https:\/\/bendruomeniskumas.mruni.eu\/wp-content\/uploads\/2016\/01\/untitled2-768x1015.gif 768w, https:\/\/bendruomeniskumas.mruni.eu\/wp-content\/uploads\/2016\/01\/untitled2-775x1024.gif 775w, https:\/\/bendruomeniskumas.mruni.eu\/wp-content\/uploads\/2016\/01\/untitled2-624x824.gif 624w\" sizes=\"auto, (max-width: 227px) 100vw, 227px\" \/><\/a><\/p>\n<p>&nbsp;<\/p>\n<p>&nbsp;<\/p>\n<p>&nbsp;<\/p>\n<p>&nbsp;<\/p>\n<p>&nbsp;<\/p>\n<p>&nbsp;<\/p>\n<p>&nbsp;<\/p>\n<p>&nbsp;<\/p>\n<p><em><strong><a style=\"color: #000000;\" href=\"http:\/\/bendruomeniskumas.mruni.eu\/wp-content\/uploads\/2016\/01\/Straipsnis-apie-Bendruomeniskuma.pdf\">Straipsnis apie Bendruomeni\u0161kum\u0105 Joni\u0161kyj<\/a>e<\/strong><\/em><\/p>\n<p><a href=\"http:\/\/bendruomeniskumas.mruni.eu\/wp-content\/uploads\/2016\/01\/untitled1.gif\"><img loading=\"lazy\" decoding=\"async\" class=\"alignleft wp-image-595 size-medium\" src=\"http:\/\/bendruomeniskumas.mruni.eu\/wp-content\/uploads\/2016\/01\/untitled1-292x300.gif\" alt=\"\" width=\"292\" height=\"300\" srcset=\"https:\/\/bendruomeniskumas.mruni.eu\/wp-content\/uploads\/2016\/01\/untitled1-292x300.gif 292w, https:\/\/bendruomeniskumas.mruni.eu\/wp-content\/uploads\/2016\/01\/untitled1-996x1024.gif 996w, https:\/\/bendruomeniskumas.mruni.eu\/wp-content\/uploads\/2016\/01\/untitled1-624x642.gif 624w\" sizes=\"auto, (max-width: 292px) 100vw, 292px\" \/><\/a><\/p>\n<p>&nbsp;<\/p>\n<p>&nbsp;<\/p>\n<p>&nbsp;<\/p>\n<p>&nbsp;<\/p>\n<p>&nbsp;<\/p>\n<p>&nbsp;<\/p>\n<p style=\"text-align: left;\"><em><strong>\u00a0<\/strong><\/em><\/p>\n<p><a href=\"http:\/\/bendruomeniskumas.mruni.eu\/wp-content\/uploads\/2016\/01\/VBA-Bendras-siekis-Nr.-3-1.jpg\"><img loading=\"lazy\" decoding=\"async\" class=\"wp-image-487 size-medium alignleft\" src=\"http:\/\/bendruomeniskumas.mruni.eu\/wp-content\/uploads\/2016\/01\/VBA-Bendras-siekis-Nr.-3-1-300x216.jpg\" alt=\"bendras_siekis_geguze_spaudai.cdr\" width=\"300\" height=\"216\" srcset=\"https:\/\/bendruomeniskumas.mruni.eu\/wp-content\/uploads\/2016\/01\/VBA-Bendras-siekis-Nr.-3-1-300x216.jpg 300w, https:\/\/bendruomeniskumas.mruni.eu\/wp-content\/uploads\/2016\/01\/VBA-Bendras-siekis-Nr.-3-1.jpg 448w\" sizes=\"auto, (max-width: 300px) 100vw, 300px\" \/><\/a><\/p>\n<dl id=\"attachment_487\" class=\"wp-caption aligncenter\" style=\"width: 310px;\">\n<dd class=\"wp-caption-dd\"><span style=\"color: #000000;\"><em><strong><a style=\"color: #000000;\" href=\"http:\/\/issuu.com\/bendras-siekis\/docs\/bendras_siekis_birzelis_platinimui\">http:\/\/issuu.com\/bendras-siekis\/docs\/bendras_siekis_birzelis_platinimui<\/a><\/strong><\/em><\/span><\/dd>\n<dd class=\"wp-caption-dd\">\n<div class=\"mceTemp\">\n<div class=\"mceTemp\">\n<div class=\"mceTemp\">\n<figure id=\"attachment_489\" aria-describedby=\"caption-attachment-489\" style=\"width: 203px\" class=\"wp-caption aligncenter\"><a href=\"http:\/\/bendruomeniskumas.mruni.eu\/wp-content\/uploads\/2016\/01\/Zirmunu_balsas.gif\"><img loading=\"lazy\" decoding=\"async\" class=\"wp-image-489 size-medium\" src=\"http:\/\/bendruomeniskumas.mruni.eu\/wp-content\/uploads\/2016\/01\/Zirmunu_balsas-203x300.gif\" alt=\"Zirmunu_balsas\" width=\"203\" height=\"300\" \/><\/a><figcaption id=\"caption-attachment-489\" class=\"wp-caption-text\"><em><strong><span style=\"color: #000000;\"><a style=\"color: #000000;\" href=\"http:\/\/bendruomeniskumas.mruni.eu\/wp-content\/uploads\/2016\/01\/Zirmunu_balsas_4_sventinis.pdf\">\u017dirm\u016bnu_balsas_4_\u0161ventinis<\/a><\/span><\/strong><\/em><\/figcaption><\/figure>\n<p><em><strong><span style=\"color: #000000;\"><a style=\"color: #000000;\" href=\"http:\/\/www.zirmunubendruomene.lt\/2015\/01\/\">http:\/\/www.zirmunubendruomene.lt\/2015\/01\/<\/a><\/span><\/strong><\/em><\/p>\n<\/div>\n<\/div>\n<\/dd>\n<\/dl>\n","protected":false},"excerpt":{"rendered":"<p>&nbsp; Straipsnis apie Sendvario seni\u016bnij\u0105 &nbsp; &nbsp; &nbsp; &nbsp; &nbsp; &nbsp; &nbsp; &nbsp; Straipsnis apie Bendruomeni\u0161kum\u0105 Joni\u0161kyje &nbsp; &nbsp; &nbsp; &nbsp; &nbsp; &nbsp; \u00a0 http:\/\/issuu.com\/bendras-siekis\/docs\/bendras_siekis_birzelis_platinimui http:\/\/www.zirmunubendruomene.lt\/2015\/01\/<\/p>\n","protected":false},"author":2,"featured_media":0,"parent":0,"menu_order":0,"comment_status":"closed","ping_status":"closed","template":"","meta":{"footnotes":""},"class_list":["post-476","page","type-page","status-publish","hentry"],"_links":{"self":[{"href":"https:\/\/bendruomeniskumas.mruni.eu\/index.php?rest_route=\/wp\/v2\/pages\/476","targetHints":{"allow":["GET"]}}],"collection":[{"href":"https:\/\/bendruomeniskumas.mruni.eu\/index.php?rest_route=\/wp\/v2\/pages"}],"about":[{"href":"https:\/\/bendruomeniskumas.mruni.eu\/index.php?rest_route=\/wp\/v2\/types\/page"}],"author":[{"embeddable":true,"href":"https:\/\/bendruomeniskumas.mruni.eu\/index.php?rest_route=\/wp\/v2\/users\/2"}],"replies":[{"embeddable":true,"href":"https:\/\/bendruomeniskumas.mruni.eu\/index.php?rest_route=%2Fwp%2Fv2%2Fcomments&post=476"}],"version-history":[{"count":12,"href":"https:\/\/bendruomeniskumas.mruni.eu\/index.php?rest_route=\/wp\/v2\/pages\/476\/revisions"}],"predecessor-version":[{"id":492,"href":"https:\/\/bendruomeniskumas.mruni.eu\/index.php?rest_route=\/wp\/v2\/pages\/476\/revisions\/492"}],"wp:attachment":[{"href":"https:\/\/bendruomeniskumas.mruni.eu\/index.php?rest_route=%2Fwp%2Fv2%2Fmedia&parent=476"}],"curies":[{"name":"wp","href":"https:\/\/api.w.org\/{rel}","templated":true}]}}