{"id":744,"date":"2021-04-25T15:19:28","date_gmt":"2021-04-25T15:19:28","guid":{"rendered":"http:\/\/bendruomeniskumas.mruni.eu\/?page_id=744"},"modified":"2021-05-18T18:23:35","modified_gmt":"2021-05-18T18:23:35","slug":"2017-metu-konkursas","status":"publish","type":"page","link":"https:\/\/bendruomeniskumas.mruni.eu\/?page_id=744","title":{"rendered":"2017 met\u0173 konkursas"},"content":{"rendered":"\n<div class=\"wp-block-file\"><a href=\"http:\/\/bendruomeniskumas.mruni.eu\/wp-content\/uploads\/2021\/05\/Rektoriaus-2017-isakymas-del-nominantu-3.docx\"><strong>2017 m. Mykolo Romerio Universiteto Rektoriaus \u012fsakymas<\/strong><\/a><a href=\"http:\/\/bendruomeniskumas.mruni.eu\/wp-content\/uploads\/2021\/05\/Rektoriaus-2017-isakymas-del-nominantu-3.docx\" class=\"wp-block-file__button\" download>Download<\/a><\/div>\n\n\n\n<p><\/p>\n\n\n\n<figure class=\"wp-block-table\"><table><tbody><tr><td><\/td><\/tr><tr><td><\/td><td><\/td><\/tr><\/tbody><\/table><\/figure>\n\n\n\n<figure class=\"wp-block-table\"><table><tbody><tr><td><br>D\u0116L RESPUBLIKINIO KONKURSO VIETOS BENDRUOMEN\u0116MS \u201eBENDRUOMEN\u0116 \u2013 \u0160VYTURYS 2016 \u2013 KELIAS \u012e S\u0116KM\u0118\u201c NOMINANT\u0172 PASKELBIMO<\/td><\/tr><\/tbody><\/table><\/figure>\n\n\n\n<p><\/p>\n\n\n\n<p>Atsi\u017evelgdamas \u012f&nbsp; respublikinio konkurso vietos bendruomen\u0117ms \u201eBendruomen\u0117 \u2013 \u0160vyturys 2016 \u2013 kelias \u012f s\u0117km\u0119\u201c (toliau \u2013 Konkursas) komisijos nominacij\u0173 nugal\u0117tojams i\u0161rinkti 2017 m. baland\u017eio 5 d. sprendim\u0105,<\/p>\n\n\n\n<p>s k e l b i u&nbsp; Konkurso nominacij\u0173 nugal\u0117tojus:<\/p>\n\n\n\n<p><strong>Pirmoji nominacija<\/strong> \u201eVietos bendruomen\u0117s lyderis \u2013 vadybininkas\u201c \u2013 Vaida Bacenskait\u0117, Inturk\u0117s bendruomen\u0117s pirminink\u0117 (Mol\u0117t\u0173 rajono savivaldyb\u0117).<\/p>\n\n\n\n<p><strong>Antroji nominacija<\/strong>&nbsp; \u201eVietos bendruomen\u0117s s\u0117km\u0117s istorija\u201c \u2013&nbsp; Gas\u010di\u016bn\u0173 kaimo bendruomen\u0117 (Joni\u0161kio rajono savivaldyb\u0117).<\/p>\n\n\n\n<p><strong>Tre\u010dioji nominacija <\/strong>\u201eBendruomeni\u0161kiausia seni\u016bnija arba savivaldyb\u0117\u201c \u2013 Sendvario seni\u016bnija (Klaip\u0117dos rajono savivaldyb\u0117).<\/p>\n\n\n\n<p>Rektorius&nbsp;&nbsp;&nbsp;&nbsp;&nbsp;&nbsp;&nbsp;&nbsp;&nbsp;&nbsp;&nbsp;&nbsp;&nbsp;&nbsp;&nbsp;&nbsp;&nbsp;&nbsp;&nbsp;&nbsp;&nbsp;&nbsp;&nbsp;&nbsp;&nbsp;&nbsp;&nbsp;&nbsp;&nbsp;&nbsp;&nbsp;&nbsp;&nbsp;&nbsp;&nbsp;&nbsp;&nbsp;&nbsp;&nbsp;&nbsp;&nbsp;&nbsp;&nbsp;&nbsp; &nbsp;&nbsp;&nbsp;&nbsp;&nbsp;&nbsp;&nbsp;&nbsp;&nbsp;&nbsp;&nbsp;&nbsp;&nbsp;&nbsp;&nbsp;&nbsp;&nbsp;&nbsp;&nbsp;&nbsp;&nbsp;&nbsp;&nbsp;&nbsp;&nbsp;&nbsp;&nbsp;&nbsp;&nbsp;&nbsp;&nbsp;&nbsp;&nbsp;&nbsp;&nbsp;&nbsp;&nbsp;&nbsp;&nbsp;&nbsp;&nbsp;&nbsp;&nbsp;&nbsp;&nbsp;&nbsp;&nbsp; doc. dr. Algirdas Monkevi\u010dius<\/p>\n\n\n\n<div class=\"wp-block-file\"><a href=\"http:\/\/bendruomeniskumas.mruni.eu\/wp-content\/uploads\/2021\/05\/2017-metu-nominantai.docx\"><strong>2017 m. Nominantai<\/strong><\/a><a href=\"http:\/\/bendruomeniskumas.mruni.eu\/wp-content\/uploads\/2021\/05\/2017-metu-nominantai.docx\" class=\"wp-block-file__button\" download>Download<\/a><\/div>\n\n\n\n<p><\/p>\n\n\n\n<p><strong>Nugal\u0117tojai:<\/strong><\/p>\n\n\n\n<div class=\"wp-block-file\"><a href=\"http:\/\/bendruomeniskumas.mruni.eu\/wp-content\/uploads\/2021\/05\/Nr-3Bacenskaite-Inturke1-4.tif\"><strong>2017 m. \u201eVietos bendruomen\u0117s lyderis \u2013 vadybininkas\u201c \u2013 Vaida Bacenskait\u0117, Inturk\u0117s bendruomen\u0117s pirminink\u0117 (Mol\u0117t\u0173 rajono savivaldyb\u0117).<\/strong><\/a><a href=\"http:\/\/bendruomeniskumas.mruni.eu\/wp-content\/uploads\/2021\/05\/Nr-3Bacenskaite-Inturke1-4.tif\" class=\"wp-block-file__button\" download>Download<\/a><\/div>\n\n\n\n<div class=\"wp-block-file\"><a href=\"http:\/\/bendruomeniskumas.mruni.eu\/wp-content\/uploads\/2021\/05\/Nr.-5-Gasciunu-bendruomene-3-1.pdf\"><br><strong>2017 m. ,,Vietos bendruomen\u0117s s\u0117km\u0117s istorija\u201c \u2013&nbsp; Gas\u010di\u016bn\u0173 kaimo bendruomen\u0117 (Joni\u0161kio rajono savivaldyb\u0117).<\/strong><\/a><a href=\"http:\/\/bendruomeniskumas.mruni.eu\/wp-content\/uploads\/2021\/05\/Nr.-5-Gasciunu-bendruomene-3-1.pdf\" class=\"wp-block-file__button\" download>Download<\/a><\/div>\n\n\n\n<div class=\"wp-block-file\"><a href=\"http:\/\/bendruomeniskumas.mruni.eu\/wp-content\/uploads\/2021\/05\/Sendvario-seniunijos-Klaipedos-raj.teikima-paraiska-1-1.pdf\"><br><strong>2017 m. \u201eBendruomeni\u0161kiausia seni\u016bnija arba savivaldyb\u0117\u201c \u2013 Sendvario seni\u016bnija (Klaip\u0117dos rajono savivaldyb\u0117).<\/strong><\/a><a href=\"http:\/\/bendruomeniskumas.mruni.eu\/wp-content\/uploads\/2021\/05\/Sendvario-seniunijos-Klaipedos-raj.teikima-paraiska-1-1.pdf\" class=\"wp-block-file__button\" download>Download<\/a><\/div>\n\n\n\n<div class=\"wp-block-file\"><a href=\"http:\/\/bendruomeniskumas.mruni.eu\/wp-content\/uploads\/2021\/05\/Indeksas.-Sendvario-seniunija-Klaipedos-raj.-3.pdf\"><br><strong>Indeksas.-Sendvario-seniunija-Klaipedos-raj.-3<\/strong><\/a><a href=\"http:\/\/bendruomeniskumas.mruni.eu\/wp-content\/uploads\/2021\/05\/Indeksas.-Sendvario-seniunija-Klaipedos-raj.-3.pdf\" class=\"wp-block-file__button\" download>Download<\/a><\/div>\n\n\n\n<p><\/p>\n","protected":false},"excerpt":{"rendered":"<p>D\u0116L RESPUBLIKINIO KONKURSO VIETOS BENDRUOMEN\u0116MS \u201eBENDRUOMEN\u0116 \u2013 \u0160VYTURYS 2016 \u2013 KELIAS \u012e S\u0116KM\u0118\u201c NOMINANT\u0172 PASKELBIMO Atsi\u017evelgdamas \u012f&nbsp; respublikinio konkurso vietos bendruomen\u0117ms \u201eBendruomen\u0117 \u2013 \u0160vyturys 2016 \u2013 kelias \u012f s\u0117km\u0119\u201c (toliau \u2013 Konkursas) komisijos nominacij\u0173 nugal\u0117tojams i\u0161rinkti 2017 m. baland\u017eio 5 d. sprendim\u0105, s k e l b i u&nbsp; Konkurso nominacij\u0173 nugal\u0117tojus: Pirmoji nominacija \u201eVietos &hellip; <\/p>\n<p class=\"link-more\"><a href=\"https:\/\/bendruomeniskumas.mruni.eu\/?page_id=744\" class=\"more-link\">Continue reading<span class=\"screen-reader-text\"> &#8220;2017 met\u0173 konkursas&#8221;<\/span><\/a><\/p>\n","protected":false},"author":2,"featured_media":0,"parent":603,"menu_order":0,"comment_status":"closed","ping_status":"closed","template":"","meta":{"footnotes":""},"class_list":["post-744","page","type-page","status-publish","hentry"],"_links":{"self":[{"href":"https:\/\/bendruomeniskumas.mruni.eu\/index.php?rest_route=\/wp\/v2\/pages\/744","targetHints":{"allow":["GET"]}}],"collection":[{"href":"https:\/\/bendruomeniskumas.mruni.eu\/index.php?rest_route=\/wp\/v2\/pages"}],"about":[{"href":"https:\/\/bendruomeniskumas.mruni.eu\/index.php?rest_route=\/wp\/v2\/types\/page"}],"author":[{"embeddable":true,"href":"https:\/\/bendruomeniskumas.mruni.eu\/index.php?rest_route=\/wp\/v2\/users\/2"}],"replies":[{"embeddable":true,"href":"https:\/\/bendruomeniskumas.mruni.eu\/index.php?rest_route=%2Fwp%2Fv2%2Fcomments&post=744"}],"version-history":[{"count":21,"href":"https:\/\/bendruomeniskumas.mruni.eu\/index.php?rest_route=\/wp\/v2\/pages\/744\/revisions"}],"predecessor-version":[{"id":808,"href":"https:\/\/bendruomeniskumas.mruni.eu\/index.php?rest_route=\/wp\/v2\/pages\/744\/revisions\/808"}],"up":[{"embeddable":true,"href":"https:\/\/bendruomeniskumas.mruni.eu\/index.php?rest_route=\/wp\/v2\/pages\/603"}],"wp:attachment":[{"href":"https:\/\/bendruomeniskumas.mruni.eu\/index.php?rest_route=%2Fwp%2Fv2%2Fmedia&parent=744"}],"curies":[{"name":"wp","href":"https:\/\/api.w.org\/{rel}","templated":true}]}}