{"id":810,"date":"2021-05-18T19:32:40","date_gmt":"2021-05-18T19:32:40","guid":{"rendered":"http:\/\/bendruomeniskumas.mruni.eu\/?page_id=810"},"modified":"2021-05-18T19:36:34","modified_gmt":"2021-05-18T19:36:34","slug":"2018-metu-konkursas","status":"publish","type":"page","link":"https:\/\/bendruomeniskumas.mruni.eu\/?page_id=810","title":{"rendered":"2018 met\u0173 konkursas"},"content":{"rendered":"\n<div class=\"wp-block-file\"><a href=\"http:\/\/bendruomeniskumas.mruni.eu\/wp-content\/uploads\/2021\/05\/Rektoriaus-2019-isakymas-del-nominantu-1.docx\"><strong>2019 met\u0173 rektoriaus \u012fsakymas<\/strong><\/a><a href=\"http:\/\/bendruomeniskumas.mruni.eu\/wp-content\/uploads\/2021\/05\/Rektoriaus-2019-isakymas-del-nominantu-1.docx\" class=\"wp-block-file__button\" download>Download<\/a><\/div>\n\n\n\n<figure class=\"wp-block-table\"><table><tbody><tr><td><br>D\u0116L RESPUBLIKINIO KONKURSO VIETOS BENDRUOMEN\u0116MS \u201eBENDRUOMEN\u0116 \u2013 \u0160VYTURYS 2018 \u2013 KELIAS \u012e S\u0116KM\u0118\u201c NOMINANT\u0172 PASKELBIMO<\/td><\/tr><\/tbody><\/table><\/figure>\n\n\n\n<p><\/p>\n\n\n\n<p>Atsi\u017evelgdamas \u012f\u00a0 respublikinio konkurso vietos bendruomen\u0117ms \u201eBendruomen\u0117 \u2013 \u0160vyturys 2018 \u2013 kelias \u012f s\u0117km\u0119\u201c (toliau \u2013 Konkursas) komisijos nominacij\u0173 nugal\u0117tojams i\u0161rinkti 2019 m. kovo8 d. sprendim\u0105,<\/p>\n\n\n\n<p>s k e l b i u&nbsp; Konkurso nominacij\u0173 nugal\u0117tojus:<\/p>\n\n\n\n<p><strong>Pirmoji nominacija<\/strong> \u201eVietos bendruomen\u0117s lyderis \u2013 vadybininkas\u201c \u2013 Laima Karbauskien\u0117 Lapi\u0173 bendruomen\u0117s centro pirminink\u0117 (Klaip\u0117dos rajono savivaldyb\u0117).<\/p>\n\n\n\n<p><strong>Antroji nominacija<\/strong>&nbsp; \u201eVietos bendruomen\u0117s s\u0117km\u0117s istorija\u201c \u2013&nbsp; Guostagalio kaimo bendruomen\u0117 (Pakruojo rajono savivaldyb\u0117).<\/p>\n\n\n\n<p><strong>Tre\u010dioji nominacija<\/strong> \u201eBendruomeni\u0161kiausia seni\u016bnija arba savivaldyb\u0117\u201c \u2013 \u0160iluvos seni\u016bnija, Raseini\u0173 rajonas<\/p>\n\n\n\n<p><strong>Ketvirtoji nominacija<\/strong> \u201eKult\u016bros kolektyvais garsi vietos bendruomen\u0117&nbsp;\u00bb &#8211; Nevar\u0117n\u0173 miestelio bendruomen\u0117 \u201cRatas\u201d (Tel\u0161i\u0173 rajonas).<\/p>\n\n\n\n<p>L. e. rektoriaus pareigas&nbsp;&nbsp;&nbsp;&nbsp;&nbsp;&nbsp;&nbsp;&nbsp;&nbsp;&nbsp;&nbsp;&nbsp;&nbsp;&nbsp;&nbsp;&nbsp;&nbsp;&nbsp;&nbsp;&nbsp;&nbsp;&nbsp;&nbsp;&nbsp;&nbsp;&nbsp;&nbsp;&nbsp;&nbsp;&nbsp;&nbsp;&nbsp;&nbsp;&nbsp;&nbsp;&nbsp;&nbsp;&nbsp;&nbsp;&nbsp;&nbsp;&nbsp;&nbsp;&nbsp;&nbsp;&nbsp;&nbsp;&nbsp;&nbsp;&nbsp;&nbsp;&nbsp;&nbsp;&nbsp;&nbsp;&nbsp;&nbsp;&nbsp;&nbsp;&nbsp;&nbsp;&nbsp;&nbsp;&nbsp;&nbsp;&nbsp;&nbsp;&nbsp; &nbsp;&nbsp;&nbsp;&nbsp;&nbsp;&nbsp;&nbsp;&nbsp;&nbsp;&nbsp;&nbsp;&nbsp; prof. dr. Inga \u017dal\u0117nien\u0117<\/p>\n\n\n\n<div class=\"wp-block-file\"><a href=\"http:\/\/bendruomeniskumas.mruni.eu\/wp-content\/uploads\/2021\/05\/Keturios-nominacijos.-2018.docx\"><strong>2018 m. Nominantai<\/strong><\/a><a href=\"http:\/\/bendruomeniskumas.mruni.eu\/wp-content\/uploads\/2021\/05\/Keturios-nominacijos.-2018.docx\" class=\"wp-block-file__button\" download>Download<\/a><\/div>\n\n\n\n<p>Nugal\u0117tojai:<\/p>\n\n\n\n<div class=\"wp-block-file\"><a href=\"http:\/\/bendruomeniskumas.mruni.eu\/wp-content\/uploads\/2021\/05\/7.-L.-Karbauskiene-Lapiu-bendr-Klaipedos-raj-Svyturio-nominacijos.pdf\"><strong>2018 m. \u201eVietos bendruomen\u0117s lyderis \u2013 vadybininkas\u201c \u2013 Laima Karbauskien\u0117 Lapi\u0173 bendruomen\u0117s centro pirminink\u0117 (Klaip\u0117dos rajono savivaldyb\u0117).<\/strong><\/a><a href=\"http:\/\/bendruomeniskumas.mruni.eu\/wp-content\/uploads\/2021\/05\/7.-L.-Karbauskiene-Lapiu-bendr-Klaipedos-raj-Svyturio-nominacijos.pdf\" class=\"wp-block-file__button\" download>Download<\/a><\/div>\n\n\n\n<div class=\"wp-block-file\"><a href=\"http:\/\/bendruomeniskumas.mruni.eu\/wp-content\/uploads\/2021\/05\/6-Guostagalis-Pakruojo-raj..pdf\"><br><strong>2018 m. \u201eVietos bendruomen\u0117s s\u0117km\u0117s istorija\u201c \u2013&nbsp; Guostagalio kaimo bendruomen\u0117 (Pakruojo rajono savivaldyb\u0117)<\/strong>.<\/a><a href=\"http:\/\/bendruomeniskumas.mruni.eu\/wp-content\/uploads\/2021\/05\/6-Guostagalis-Pakruojo-raj..pdf\" class=\"wp-block-file__button\" download>Download<\/a><\/div>\n\n\n\n<div class=\"wp-block-file\"><a href=\"http:\/\/bendruomeniskumas.mruni.eu\/wp-content\/uploads\/2021\/05\/3SILUVOS-SEN-PROTOKOLAS-1.pdf\"><br><strong>2018 m. \u201eBendruomeni\u0161kiausia seni\u016bnija arba savivaldyb\u0117\u201c \u2013 \u0160iluvos seni\u016bnija, Raseini\u0173 rajonas<\/strong><\/a><a href=\"http:\/\/bendruomeniskumas.mruni.eu\/wp-content\/uploads\/2021\/05\/3SILUVOS-SEN-PROTOKOLAS-1.pdf\" class=\"wp-block-file__button\" download>Download<\/a><\/div>\n\n\n\n<div class=\"wp-block-file\"><a href=\"http:\/\/bendruomeniskumas.mruni.eu\/wp-content\/uploads\/2021\/05\/13-Nevarenu-paraiska-konkursui.pdf\"><br><strong>2018 m. \u201eKult\u016bros kolektyvais garsi vietos bendruomen\u0117&nbsp;\u00bb &#8211; Nevar\u0117n\u0173 miestelio bendruomen\u0117 \u201cRatas\u201d (Tel\u0161i\u0173 rajonas).<\/strong><\/a><a href=\"http:\/\/bendruomeniskumas.mruni.eu\/wp-content\/uploads\/2021\/05\/13-Nevarenu-paraiska-konkursui.pdf\" class=\"wp-block-file__button\" download>Download<\/a><\/div>\n\n\n\n<div class=\"wp-block-file\"><a href=\"http:\/\/bendruomeniskumas.mruni.eu\/wp-content\/uploads\/2021\/05\/2018-metu-konkurso-laureatai-1.docx\"><br><strong>2018 met\u0173 konkurso laureatai<\/strong><\/a><a href=\"http:\/\/bendruomeniskumas.mruni.eu\/wp-content\/uploads\/2021\/05\/2018-metu-konkurso-laureatai-1.docx\" class=\"wp-block-file__button\" download>Download<\/a><\/div>\n\n\n\n<p><\/p>\n","protected":false},"excerpt":{"rendered":"<p>D\u0116L RESPUBLIKINIO KONKURSO VIETOS BENDRUOMEN\u0116MS \u201eBENDRUOMEN\u0116 \u2013 \u0160VYTURYS 2018 \u2013 KELIAS \u012e S\u0116KM\u0118\u201c NOMINANT\u0172 PASKELBIMO Atsi\u017evelgdamas \u012f\u00a0 respublikinio konkurso vietos bendruomen\u0117ms \u201eBendruomen\u0117 \u2013 \u0160vyturys 2018 \u2013 kelias \u012f s\u0117km\u0119\u201c (toliau \u2013 Konkursas) komisijos nominacij\u0173 nugal\u0117tojams i\u0161rinkti 2019 m. kovo8 d. sprendim\u0105, s k e l b i u&nbsp; Konkurso nominacij\u0173 nugal\u0117tojus: Pirmoji nominacija \u201eVietos bendruomen\u0117s &hellip; <\/p>\n<p class=\"link-more\"><a href=\"https:\/\/bendruomeniskumas.mruni.eu\/?page_id=810\" class=\"more-link\">Continue reading<span class=\"screen-reader-text\"> &#8220;2018 met\u0173 konkursas&#8221;<\/span><\/a><\/p>\n","protected":false},"author":2,"featured_media":0,"parent":0,"menu_order":0,"comment_status":"closed","ping_status":"closed","template":"","meta":{"footnotes":""},"class_list":["post-810","page","type-page","status-publish","hentry"],"_links":{"self":[{"href":"https:\/\/bendruomeniskumas.mruni.eu\/index.php?rest_route=\/wp\/v2\/pages\/810","targetHints":{"allow":["GET"]}}],"collection":[{"href":"https:\/\/bendruomeniskumas.mruni.eu\/index.php?rest_route=\/wp\/v2\/pages"}],"about":[{"href":"https:\/\/bendruomeniskumas.mruni.eu\/index.php?rest_route=\/wp\/v2\/types\/page"}],"author":[{"embeddable":true,"href":"https:\/\/bendruomeniskumas.mruni.eu\/index.php?rest_route=\/wp\/v2\/users\/2"}],"replies":[{"embeddable":true,"href":"https:\/\/bendruomeniskumas.mruni.eu\/index.php?rest_route=%2Fwp%2Fv2%2Fcomments&post=810"}],"version-history":[{"count":4,"href":"https:\/\/bendruomeniskumas.mruni.eu\/index.php?rest_route=\/wp\/v2\/pages\/810\/revisions"}],"predecessor-version":[{"id":822,"href":"https:\/\/bendruomeniskumas.mruni.eu\/index.php?rest_route=\/wp\/v2\/pages\/810\/revisions\/822"}],"wp:attachment":[{"href":"https:\/\/bendruomeniskumas.mruni.eu\/index.php?rest_route=%2Fwp%2Fv2%2Fmedia&parent=810"}],"curies":[{"name":"wp","href":"https:\/\/api.w.org\/{rel}","templated":true}]}}