{"id":842,"date":"2021-05-23T17:22:28","date_gmt":"2021-05-23T17:22:28","guid":{"rendered":"http:\/\/bendruomeniskumas.mruni.eu\/?page_id=842"},"modified":"2021-05-23T17:24:21","modified_gmt":"2021-05-23T17:24:21","slug":"2020-metu-konkursas","status":"publish","type":"page","link":"https:\/\/bendruomeniskumas.mruni.eu\/?page_id=842","title":{"rendered":"2020 met\u0173 konkursas"},"content":{"rendered":"\n<div class=\"wp-block-file\"><a href=\"http:\/\/bendruomeniskumas.mruni.eu\/wp-content\/uploads\/2021\/05\/2021-Isakymas_nominantai.pdf\"><strong>2021 met\u0173 rektoriaus \u012fsakymas<\/strong><\/a><a href=\"http:\/\/bendruomeniskumas.mruni.eu\/wp-content\/uploads\/2021\/05\/2021-Isakymas_nominantai.pdf\" class=\"wp-block-file__button\" download>Download<\/a><\/div>\n\n\n\n<p><\/p>\n\n\n\n<p><\/p>\n\n\n\n<p>D\u0116L RESPUBLIKINIO KONKURSO VIETOS BENDRUOMEN\u0116MS \u201eBENDRUOMEN\u0116 \u2013<br>\u0160VYTURYS 2020 \u2013 KELIAS \u012e S\u0116KM\u0118\u201c NOMINANT\u0172 PASKELBIMO<br><br><br>Atsi\u017evelgdama \u012f respublikinio konkurso vietos bendruomen\u0117ms \u201eBendruomen\u0117 \u2013 \u0160vyturys<br>2020 \u2013 kelias \u012f s\u0117km\u0119\u201c (toliau \u2013 Konkursas) Komisijos nominacij\u0173 nugal\u0117tojams i\u0161rinkti 2021 m.<br>gegu\u017e\u0117s 17 d. sprendim\u0105,<br><\/p>\n\n\n\n<p>s k e l b i u Konkurso nominacij\u0173 nugal\u0117tojus:<br><\/p>\n\n\n\n<p><strong>Pirmoji nominacija<\/strong> \u201eVietos bendruomen\u0117s lyderis \u2013 vadybininkas\u201c \u2013 Pran\u0117 Kvedarien\u0117, Sigut\u0117n\u0173<br>kaimo bendruomen\u0117s pirminink\u0117 (Pakruojo rajono savivaldyb\u0117).<br><\/p>\n\n\n\n<p><strong>Antroji nominacija<\/strong> \u201eVietos bendruomen\u0117s s\u0117km\u0117s istorija\u201c \u2013 Gudkaimio kaimo bendruomen\u0117<br>(Vilkavi\u0161kio rajono savivaldyb\u0117).<br><\/p>\n\n\n\n<p><strong>Tre\u010dioji nominacija<\/strong> \u201eBendruomeni\u0161kiausia seni\u016bnija arba savivaldyb\u0117\u201c \u2013 Betygalos seni\u016bnija<br>(Raseini\u0173 rajono savivaldyb\u0117).<br><\/p>\n\n\n\n<p><strong>Ketvirtoji nominacija<\/strong> \u201eKult\u016bros kolektyvais garsi vietos bendruomen\u0117\u201c konkurso partnerio \u201ePro<br>Partners\u201c teikimu \u2013 Bir\u0161tono vienkiemio bendruomen\u0117 (Bir\u0161tono savivaldyb\u0117).<br><\/p>\n\n\n\n<p><strong>Penktoji nominacija<\/strong> \u201eSveik\u0105 gyvensen\u0105 propaguojanti vietos bendruomen\u0117\u201c konkurso partnerio<br>\u201eNacionalin\u0117 sportinink\u0173 asociacija\u201c teikimu \u2013 Vadokli\u0173 ir Mik\u0117n\u0173 kaim\u0173 bendruomen\u0117 (Panev\u0117\u017eio<br>rajono savivaldyb\u0117).<br><\/p>\n\n\n\n<p>Rektor\u0117                                                                                                          prof. dr. Inga \u017dal\u0117nien\u0117<\/p>\n\n\n\n<div class=\"wp-block-file\"><a href=\"http:\/\/bendruomeniskumas.mruni.eu\/wp-content\/uploads\/2021\/05\/Isakymas_nominantai-1.pdf\"><strong>2020 met\u0173 Nominantai:<\/strong><\/a><a href=\"http:\/\/bendruomeniskumas.mruni.eu\/wp-content\/uploads\/2021\/05\/Isakymas_nominantai-1.pdf\" class=\"wp-block-file__button\" download>Download<\/a><\/div>\n\n\n\n<div class=\"wp-block-file\"><a href=\"http:\/\/bendruomeniskumas.mruni.eu\/wp-content\/uploads\/2021\/05\/Nominacija-1Prane-Kvedariene.pdf\"><br><strong>2020 m. \u201eVietos bendruomen\u0117s lyderis \u2013 vadybininkas\u201c \u2013 Pran\u0117 Kvedarien\u0117, Sigut\u0117n\u0173<br>kaimo bendruomen\u0117s pirminink\u0117 (Pakruojo rajono savivaldyb\u0117).<\/strong><\/a><a href=\"http:\/\/bendruomeniskumas.mruni.eu\/wp-content\/uploads\/2021\/05\/Nominacija-1Prane-Kvedariene.pdf\" class=\"wp-block-file__button\" download>Download<\/a><\/div>\n\n\n\n<div class=\"wp-block-file\"><a href=\"http:\/\/bendruomeniskumas.mruni.eu\/wp-content\/uploads\/2021\/05\/Nominacija-2Gudkaimio-bendr-Vilkaviskis.pdf\"><br><strong>2020 m. \u201eVietos bendruomen\u0117s s\u0117km\u0117s istorija\u201c \u2013 Gudkaimio kaimo bendruomen\u0117<br>(Vilkavi\u0161kio rajono savivaldyb\u0117).<\/strong><\/a><a href=\"http:\/\/bendruomeniskumas.mruni.eu\/wp-content\/uploads\/2021\/05\/Nominacija-2Gudkaimio-bendr-Vilkaviskis.pdf\" class=\"wp-block-file__button\" download>Download<\/a><\/div>\n\n\n\n<div class=\"wp-block-file\"><a href=\"http:\/\/bendruomeniskumas.mruni.eu\/wp-content\/uploads\/2021\/05\/Nominacija-3-BETYGALOS-SEN.-KRIVULES-PROTOKOLAS.pdf\"><br><strong>2020 m. \u201eBendruomeni\u0161kiausia seni\u016bnija arba savivaldyb\u0117\u201c \u2013 Betygalos seni\u016bnija<br>(Raseini\u0173 rajono savivaldyb\u0117).<\/strong><\/a><a href=\"http:\/\/bendruomeniskumas.mruni.eu\/wp-content\/uploads\/2021\/05\/Nominacija-3-BETYGALOS-SEN.-KRIVULES-PROTOKOLAS.pdf\" class=\"wp-block-file__button\" download>Download<\/a><\/div>\n\n\n\n<div class=\"wp-block-file\"><a href=\"http:\/\/bendruomeniskumas.mruni.eu\/wp-content\/uploads\/2021\/05\/Nominacija-4-Birstono-vienkiemio-bendr-1.pdf\"><br><strong>2020 m. \u201eKult\u016bros kolektyvais garsi vietos bendruomen\u0117\u201c konkurso partnerio \u201ePro<br>Partners\u201c teikimu \u2013 Bir\u0161tono vienkiemio bendruomen\u0117 (Bir\u0161tono savivaldyb\u0117).<\/strong><\/a><a href=\"http:\/\/bendruomeniskumas.mruni.eu\/wp-content\/uploads\/2021\/05\/Nominacija-4-Birstono-vienkiemio-bendr-1.pdf\" class=\"wp-block-file__button\" download>Download<\/a><\/div>\n\n\n\n<div class=\"wp-block-file\"><a href=\"blob:http:\/\/bendruomeniskumas.mruni.eu\/2bd3b42d-e4ce-4796-ba7b-449ba45c8aaf\"><br><strong>2020 m. \u201eSveik\u0105 gyvensen\u0105 propaguojanti vietos bendruomen\u0117\u201c konkurso partnerio<br>\u201eNacionalin\u0117 sportinink\u0173 asociacija\u201c teikimu \u2013 Vadokli\u0173 ir Mik\u0117n\u0173 kaim\u0173 bendruomen\u0117 (Panev\u0117\u017eio<br>rajono savivaldyb\u0117).<\/strong><\/a><a href=\"blob:http:\/\/bendruomeniskumas.mruni.eu\/2bd3b42d-e4ce-4796-ba7b-449ba45c8aaf\" class=\"wp-block-file__button\" download>Download<\/a><\/div>\n\n\n\n<p><\/p>\n","protected":false},"excerpt":{"rendered":"<p>D\u0116L RESPUBLIKINIO KONKURSO VIETOS BENDRUOMEN\u0116MS \u201eBENDRUOMEN\u0116 \u2013\u0160VYTURYS 2020 \u2013 KELIAS \u012e S\u0116KM\u0118\u201c NOMINANT\u0172 PASKELBIMO Atsi\u017evelgdama \u012f respublikinio konkurso vietos bendruomen\u0117ms \u201eBendruomen\u0117 \u2013 \u0160vyturys2020 \u2013 kelias \u012f s\u0117km\u0119\u201c (toliau \u2013 Konkursas) Komisijos nominacij\u0173 nugal\u0117tojams i\u0161rinkti 2021 m.gegu\u017e\u0117s 17 d. sprendim\u0105, s k e l b i u Konkurso nominacij\u0173 nugal\u0117tojus: Pirmoji nominacija \u201eVietos bendruomen\u0117s lyderis \u2013 &hellip; <\/p>\n<p class=\"link-more\"><a href=\"https:\/\/bendruomeniskumas.mruni.eu\/?page_id=842\" class=\"more-link\">Continue reading<span class=\"screen-reader-text\"> &#8220;2020 met\u0173 konkursas&#8221;<\/span><\/a><\/p>\n","protected":false},"author":2,"featured_media":0,"parent":0,"menu_order":0,"comment_status":"closed","ping_status":"closed","template":"","meta":{"footnotes":""},"class_list":["post-842","page","type-page","status-publish","hentry"],"_links":{"self":[{"href":"https:\/\/bendruomeniskumas.mruni.eu\/index.php?rest_route=\/wp\/v2\/pages\/842","targetHints":{"allow":["GET"]}}],"collection":[{"href":"https:\/\/bendruomeniskumas.mruni.eu\/index.php?rest_route=\/wp\/v2\/pages"}],"about":[{"href":"https:\/\/bendruomeniskumas.mruni.eu\/index.php?rest_route=\/wp\/v2\/types\/page"}],"author":[{"embeddable":true,"href":"https:\/\/bendruomeniskumas.mruni.eu\/index.php?rest_route=\/wp\/v2\/users\/2"}],"replies":[{"embeddable":true,"href":"https:\/\/bendruomeniskumas.mruni.eu\/index.php?rest_route=%2Fwp%2Fv2%2Fcomments&post=842"}],"version-history":[{"count":3,"href":"https:\/\/bendruomeniskumas.mruni.eu\/index.php?rest_route=\/wp\/v2\/pages\/842\/revisions"}],"predecessor-version":[{"id":856,"href":"https:\/\/bendruomeniskumas.mruni.eu\/index.php?rest_route=\/wp\/v2\/pages\/842\/revisions\/856"}],"wp:attachment":[{"href":"https:\/\/bendruomeniskumas.mruni.eu\/index.php?rest_route=%2Fwp%2Fv2%2Fmedia&parent=842"}],"curies":[{"name":"wp","href":"https:\/\/api.w.org\/{rel}","templated":true}]}}