{"id":886,"date":"2023-06-07T10:41:02","date_gmt":"2023-06-07T10:41:02","guid":{"rendered":"https:\/\/bendruomeniskumas.mruni.eu\/?page_id=886"},"modified":"2023-06-07T11:28:45","modified_gmt":"2023-06-07T11:28:45","slug":"2021-metu-konkursas","status":"publish","type":"page","link":"https:\/\/bendruomeniskumas.mruni.eu\/?page_id=886","title":{"rendered":"2021 met\u0173 konkursas"},"content":{"rendered":"<p>MYKOLO ROMERIO UNIVERSITETO<br \/>\nREKTORIUS<br \/>\n\u012eSAKYMAS<br \/>\nD\u0116L RESPUBLIKINIO VIETOS BENDRUOMENI\u0172 KONKURSO \u201eBENDRUOMEN\u0116 \u2013<br \/>\n\u0160VYTURYS 2021 \u2013 KELIAS \u012e S\u0116KM\u0118\u201c NOMINANT\u0172 PASKELBIMO<br \/>\n2022-04-14 Nr. 1I-122<br \/>\nVilnius<br \/>\nVadovaudamasi Respublikinio vietos bendruomeni\u0173 konkurso \u201eBendruomen\u0117 \u2013 \u0160vyturys \u2013<br \/>\nkelias \u012f s\u0117km\u0119\u201c nuostatais, patvirtintais rektoriaus 2022 m. vasario 14 d. \u012fsakymu Nr. 1I-44 \u201eD\u0117l<br \/>\nrespublikinio vietos bendruomeni\u0173 konkurso \u201eBendruomen\u0117 \u2013 \u0160vyturys \u2013 kelias \u012f s\u0117km\u0119\u201c nuostat\u0173<br \/>\npatvirtinimo\u201c ir atsi\u017evelgdama \u012f respublikinio vietos bendruomeni\u0173 konkurso \u201eBendruomen\u0117 \u2013<br \/>\n\u0160vyturys 2021 \u2013 kelias \u012f s\u0117km\u0119\u201c (toliau \u2013 Konkursas) komisijos nominacij\u0173 nugal\u0117tojams i\u0161rinkti<br \/>\n2022 m. baland\u017eio 13 d. sprendim\u0105,<br \/>\ns k e l b i u Konkurso nominacij\u0173 nugal\u0117tojus:<br \/>\n\u2013 nominacija \u201eVietos bendruomen\u0117s lyderis \u2013 vadybininkas\u201c \u2013 Monika Ra\u017eanauskien\u0117,<br \/>\nKan\u010d\u0117n\u0173 kaimo bendruomen\u0117s \u201eD\u0117mesio centras\u201c pirminink\u0117 (Alytaus rajono savivaldyb\u0117);<br \/>\n\u2013 nominacija \u201eVietos bendruomen\u0117s s\u0117km\u0117s istorija\u201c \u2013 Suba\u010diaus bendruomen\u0117 (Kupi\u0161kio<br \/>\nrajono savivaldyb\u0117);<br \/>\n\u2013 nominacija \u201eBendruomeni\u0161kiausios seni\u016bnijos arba savivaldyb\u0117s\u201c \u2013 Ukmerg\u0117s rajono<br \/>\nsavivaldyb\u0117;<br \/>\n\u2013 nominacija \u201eGlaud\u017eiai su mokykla bendradarbiaujanti vietos bendruomen\u0117\u201c \u2013 \u0160altinie\u010di\u0173<br \/>\nbendruomen\u0117 (Panev\u0117\u017eio miesto savivaldyb\u0117);<br \/>\n\u2013 nominacija \u201eSveik\u0105 gyvensen\u0105 propaguojanti vietos bendruomen\u0117\u201c \u2013 Dvari\u0161ki\u0173<br \/>\nbendruomen\u0117 (Pakruojo rajono savivaldyb\u0117).<br \/>\nRektor\u0117 prof. dr. Inga \u017dal\u0117nien\u0117<\/p>\n<p><a href=\"http:\/\/bendruomeniskumas.mruni.eu\/wp-content\/uploads\/2023\/06\/Nominacija-Bendruomenes-lyderis-vadybininkas-Razanauskiene.pdf\">Nominacija Bendruomen\u0117s lyderis-vadybininkas Razanauskiene<\/a><\/p>\n<p><a href=\"http:\/\/bendruomeniskumas.mruni.eu\/wp-content\/uploads\/2023\/06\/Nominacija-Bendruomenes-sekme-Kupiskio-raj.-Subaciaus-bendruomene.pdf\">Nominacija &#8211; Bendruomen\u0117s s\u0117km\u0117 Kupiskio raj. Suba\u010diaus bendruomen\u0117<\/a><\/p>\n<p><a href=\"http:\/\/bendruomeniskumas.mruni.eu\/wp-content\/uploads\/2023\/06\/Nominacija-Benruomeniskiausia-Savivaldybe-Ukmerge.-Bendruom-saviv.pdf\">Nominacija &#8211; Benruomeni\u0161kiausia Savivaldyb\u0117 Ukmerg\u0117. Bendruom, saviv<\/a><\/p>\n<p><a href=\"http:\/\/bendruomeniskumas.mruni.eu\/wp-content\/uploads\/2023\/06\/Nominacija.-Glaudziai-su-mokykla-bendraujanti-vietos-bendr.-Saltinieciu-bendr-Panevezys.pdf\">Nominacija. Glaud\u017eiai su mokykla bendraujanti vietos bendr. \u0160altinie\u010di\u0173 bendr, Panev\u0117\u017eys<\/a><\/p>\n<p><a href=\"http:\/\/bendruomeniskumas.mruni.eu\/wp-content\/uploads\/2023\/06\/Nominacija-Sveika-gyvenima-propaguojanti-bendruomene-Dvariskiu-bendr-Pakruojis.pdf\">Nominacija, Sveik\u0105 gyvenim\u0105 propaguojanti bendruomen\u0117 Dvari\u0161ki\u0173 bendr, Pakruojis<\/a><\/p>\n<p>&nbsp;<\/p>\n<p>&nbsp;<\/p>\n","protected":false},"excerpt":{"rendered":"<p>MYKOLO ROMERIO UNIVERSITETO REKTORIUS \u012eSAKYMAS D\u0116L RESPUBLIKINIO VIETOS BENDRUOMENI\u0172 KONKURSO \u201eBENDRUOMEN\u0116 \u2013 \u0160VYTURYS 2021 \u2013 KELIAS \u012e S\u0116KM\u0118\u201c NOMINANT\u0172 PASKELBIMO 2022-04-14 Nr. 1I-122 Vilnius Vadovaudamasi Respublikinio vietos bendruomeni\u0173 konkurso \u201eBendruomen\u0117 \u2013 \u0160vyturys \u2013 kelias \u012f s\u0117km\u0119\u201c nuostatais, patvirtintais rektoriaus 2022 m. vasario 14 d. \u012fsakymu Nr. 1I-44 \u201eD\u0117l respublikinio vietos bendruomeni\u0173 konkurso \u201eBendruomen\u0117 \u2013 \u0160vyturys &hellip; <\/p>\n<p class=\"link-more\"><a href=\"https:\/\/bendruomeniskumas.mruni.eu\/?page_id=886\" class=\"more-link\">Continue reading<span class=\"screen-reader-text\"> &#8220;2021 met\u0173 konkursas&#8221;<\/span><\/a><\/p>\n","protected":false},"author":2,"featured_media":0,"parent":0,"menu_order":0,"comment_status":"closed","ping_status":"closed","template":"","meta":{"footnotes":""},"class_list":["post-886","page","type-page","status-publish","hentry"],"_links":{"self":[{"href":"https:\/\/bendruomeniskumas.mruni.eu\/index.php?rest_route=\/wp\/v2\/pages\/886","targetHints":{"allow":["GET"]}}],"collection":[{"href":"https:\/\/bendruomeniskumas.mruni.eu\/index.php?rest_route=\/wp\/v2\/pages"}],"about":[{"href":"https:\/\/bendruomeniskumas.mruni.eu\/index.php?rest_route=\/wp\/v2\/types\/page"}],"author":[{"embeddable":true,"href":"https:\/\/bendruomeniskumas.mruni.eu\/index.php?rest_route=\/wp\/v2\/users\/2"}],"replies":[{"embeddable":true,"href":"https:\/\/bendruomeniskumas.mruni.eu\/index.php?rest_route=%2Fwp%2Fv2%2Fcomments&post=886"}],"version-history":[{"count":5,"href":"https:\/\/bendruomeniskumas.mruni.eu\/index.php?rest_route=\/wp\/v2\/pages\/886\/revisions"}],"predecessor-version":[{"id":899,"href":"https:\/\/bendruomeniskumas.mruni.eu\/index.php?rest_route=\/wp\/v2\/pages\/886\/revisions\/899"}],"wp:attachment":[{"href":"https:\/\/bendruomeniskumas.mruni.eu\/index.php?rest_route=%2Fwp%2Fv2%2Fmedia&parent=886"}],"curies":[{"name":"wp","href":"https:\/\/api.w.org\/{rel}","templated":true}]}}