{"id":900,"date":"2023-06-08T05:53:41","date_gmt":"2023-06-08T05:53:41","guid":{"rendered":"https:\/\/bendruomeniskumas.mruni.eu\/?page_id=900"},"modified":"2023-06-08T06:11:59","modified_gmt":"2023-06-08T06:11:59","slug":"2022-metu-konkursas","status":"publish","type":"page","link":"https:\/\/bendruomeniskumas.mruni.eu\/?page_id=900","title":{"rendered":"2022 met\u0173 konkursas"},"content":{"rendered":"<p>MYKOLO ROMERIO UNIVERSITETO<br \/>\nREKTORIUS<br \/>\n\u012eSAKYMAS<br \/>\nD\u0116L RESPUBLIKINIO VIETOS BENDRUOMENI\u0172 KONKURSO \u201eBENDRUOMEN\u0116 \u2013<br \/>\n\u0160VYTURYS 2022 \u2013 KELIAS \u012e S\u0116KM\u0118\u201c NOMINANT\u0172 PASKELBIMO<br \/>\nVadovaudamasi Respublikinio vietos bendruomeni\u0173 konkurso \u201eBendruomen\u0117 \u2013 \u0160vyturys \u2013<br \/>\nkelias \u012f s\u0117km\u0119\u201c nuostatais, patvirtintais rektoriaus 2022 m. vasario 14 d. \u012fsakymu Nr. 1I-44 \u201eD\u0117l<br \/>\nrespublikinio vietos bendruomeni\u0173 konkurso \u201eBendruomen\u0117 \u2013 \u0160vyturys \u2013 kelias \u012f s\u0117km\u0119\u201c nuostat\u0173<br \/>\npatvirtinimo\u201c ir atsi\u017evelgdama \u012f respublikinio vietos bendruomeni\u0173 konkurso \u201eBendruomen\u0117 \u2013<br \/>\n\u0160vyturys 2022 \u2013 kelias \u012f s\u0117km\u0119\u201c (toliau \u2013 Konkursas) komisijos nominacij\u0173 nugal\u0117tojams i\u0161rinkti<br \/>\n2023 m. baland\u017eio 18 d. sprendim\u0105,<br \/>\ns k e l b i u Konkurso nominacij\u0173 nugal\u0117tojus:<br \/>\n\u2013 nominacija \u201eVietos bendruomen\u0117s lyderis \u2013 vadybininkas\u201c \u2013 Vitas Katkevi\u010dius Kybart\u0173<br \/>\nbendruomen\u0117 (Vilkavi\u0161kio rajono savivaldyb\u0117);<br \/>\n\u2013 nominacija \u201eVietos bendruomen\u0117s s\u0117km\u0117s istorija\u201c \u2013 Kraki\u0173 bendruomen\u0117 (K\u0117daini\u0173<br \/>\nrajono savivaldyb\u0117);<br \/>\n\u2013 nominacija \u201eBendruomeni\u0161kiausios seni\u016bnijos arba savivaldyb\u0117s\u201c \u2013 J\u016b\u017eint\u0173 seni\u016bnija<br \/>\n(Roki\u0161kio rajono savivaldyb\u0117);<br \/>\n\u2013 nominacija \u201eGlaud\u017eiai su mokykla bendradarbiaujanti vietos bendruomen\u0117\u201c \u2013 Pabrad\u0117s<br \/>\nbendruomen\u0117 \u201eDomus\u201c (\u0160ven\u010dioni\u0173 rajono savivaldyb\u0117);<br \/>\n\u2013 nominacija \u201eSveik\u0105 gyvensen\u0105 propaguojanti vietos bendruomen\u0117\u201c \u2013 Panev\u0117\u017eiuko<br \/>\nbendruomen\u0117 (Kauno rajono savivaldyb\u0117);<br \/>\n\u2013 nominacija \u201eVietos infrastrukt\u016br\u0105 gerinanti vietos bendruomen\u0117\u201c \u2013 Vasakn\u0173<br \/>\nbendruomen\u0117 (Zaras\u0173 rajono savivaldyb\u0117);<br \/>\n\u2013 nominacija \u201eGlaud\u017eiai su policija bendradarbiaujanti vietos bendruomen\u0117\u201c \u2013 Paupi\u0173<br \/>\nbendruomen\u0117, Klaip\u0117dos miesto savivaldyb\u0117.<br \/>\nRektor\u0117 prof. dr. Inga \u017dal\u0117nien\u0117<\/p>\n<p><a href=\"http:\/\/bendruomeniskumas.mruni.eu\/wp-content\/uploads\/2023\/06\/1-nominacija-V.-Katkevicius-Kybartai.pdf\">1 nominacija V. Katkevi\u010dius, Kybartai<\/a><\/p>\n<p><a href=\"http:\/\/bendruomeniskumas.mruni.eu\/wp-content\/uploads\/2023\/06\/2-nominacija-Krakes-Kedainiu-raj.pdf\">2 nominacija Krak\u0117s K\u0117daini\u0173 raj.<\/a><\/p>\n<p><a href=\"http:\/\/bendruomeniskumas.mruni.eu\/wp-content\/uploads\/2023\/06\/3-nominacija-Rokiskio-rajono-savivaldybes-Juzintu-seniunijos-bendruomeniskumo-indekso-nustatymo-Krivules-protokolas.pdf\">3 nominacija Roki\u0161kio rajono savivaldyb\u0117s J\u016b\u017eint\u0173 seni\u016bnijos bendruomeni\u0161kumo indekso nustatymo Krivul\u0117s protokolas<\/a><\/p>\n<p><a href=\"http:\/\/bendruomeniskumas.mruni.eu\/wp-content\/uploads\/2023\/06\/4-nminacija-Pabrades-bendr.-Svencioniu-raj.pdf\">4 nominacija Pabrad\u0117s bendr. \u0160ven\u010dioni\u0173 raj.sav.<\/a><\/p>\n<p><a href=\"http:\/\/bendruomeniskumas.mruni.eu\/wp-content\/uploads\/2023\/06\/5-nominacija-Paneveziuko-bendr.-Kauno-raj.pdf\">5 nominacija Panev\u0117\u017eiuko bendr. Kauno raj.sav.<\/a><\/p>\n<p><a href=\"http:\/\/bendruomeniskumas.mruni.eu\/wp-content\/uploads\/2023\/06\/6-nominacija-Vasaknu\u0328-bendruomene\u0307-Zarasu-sav.pdf\">6 nominacija Vasaknu\u0328 bendruomene\u0307, Zaras\u0173 raj.sav.<\/a><\/p>\n<p><a href=\"http:\/\/bendruomeniskumas.mruni.eu\/wp-content\/uploads\/2023\/06\/7-nominacija-Paupiu-bendr.-Klaipeda.pdf\">7 nominacija Paupi\u0173 bendr., Klaip\u0117da<\/a><\/p>\n","protected":false},"excerpt":{"rendered":"<p>MYKOLO ROMERIO UNIVERSITETO REKTORIUS \u012eSAKYMAS D\u0116L RESPUBLIKINIO VIETOS BENDRUOMENI\u0172 KONKURSO \u201eBENDRUOMEN\u0116 \u2013 \u0160VYTURYS 2022 \u2013 KELIAS \u012e S\u0116KM\u0118\u201c NOMINANT\u0172 PASKELBIMO Vadovaudamasi Respublikinio vietos bendruomeni\u0173 konkurso \u201eBendruomen\u0117 \u2013 \u0160vyturys \u2013 kelias \u012f s\u0117km\u0119\u201c nuostatais, patvirtintais rektoriaus 2022 m. vasario 14 d. \u012fsakymu Nr. 1I-44 \u201eD\u0117l respublikinio vietos bendruomeni\u0173 konkurso \u201eBendruomen\u0117 \u2013 \u0160vyturys \u2013 kelias \u012f s\u0117km\u0119\u201c &hellip; <\/p>\n<p class=\"link-more\"><a href=\"https:\/\/bendruomeniskumas.mruni.eu\/?page_id=900\" class=\"more-link\">Continue reading<span class=\"screen-reader-text\"> &#8220;2022 met\u0173 konkursas&#8221;<\/span><\/a><\/p>\n","protected":false},"author":2,"featured_media":0,"parent":0,"menu_order":0,"comment_status":"closed","ping_status":"closed","template":"","meta":{"footnotes":""},"class_list":["post-900","page","type-page","status-publish","hentry"],"_links":{"self":[{"href":"https:\/\/bendruomeniskumas.mruni.eu\/index.php?rest_route=\/wp\/v2\/pages\/900","targetHints":{"allow":["GET"]}}],"collection":[{"href":"https:\/\/bendruomeniskumas.mruni.eu\/index.php?rest_route=\/wp\/v2\/pages"}],"about":[{"href":"https:\/\/bendruomeniskumas.mruni.eu\/index.php?rest_route=\/wp\/v2\/types\/page"}],"author":[{"embeddable":true,"href":"https:\/\/bendruomeniskumas.mruni.eu\/index.php?rest_route=\/wp\/v2\/users\/2"}],"replies":[{"embeddable":true,"href":"https:\/\/bendruomeniskumas.mruni.eu\/index.php?rest_route=%2Fwp%2Fv2%2Fcomments&post=900"}],"version-history":[{"count":5,"href":"https:\/\/bendruomeniskumas.mruni.eu\/index.php?rest_route=\/wp\/v2\/pages\/900\/revisions"}],"predecessor-version":[{"id":913,"href":"https:\/\/bendruomeniskumas.mruni.eu\/index.php?rest_route=\/wp\/v2\/pages\/900\/revisions\/913"}],"wp:attachment":[{"href":"https:\/\/bendruomeniskumas.mruni.eu\/index.php?rest_route=%2Fwp%2Fv2%2Fmedia&parent=900"}],"curies":[{"name":"wp","href":"https:\/\/api.w.org\/{rel}","templated":true}]}}