{"id":919,"date":"2024-02-08T20:05:50","date_gmt":"2024-02-08T20:05:50","guid":{"rendered":"https:\/\/bendruomeniskumas.mruni.eu\/?page_id=919"},"modified":"2026-04-14T10:41:13","modified_gmt":"2026-04-14T10:41:13","slug":"2023-metu-konkursas","status":"publish","type":"page","link":"https:\/\/bendruomeniskumas.mruni.eu\/?page_id=919","title":{"rendered":"2023 met\u0173 konkursas"},"content":{"rendered":"<p><a href=\"http:\/\/bendruomeniskumas.mruni.eu\/wp-content\/uploads\/2024\/04\/Isakymas-bendruomeniu-2023-nominantai.pdf\">Isakymas bendruomeniu 2023 nominantai<\/a><\/p>\n<p><a href=\"http:\/\/bendruomeniskumas.mruni.eu\/wp-content\/uploads\/2024\/02\/1-nominacija-Daiva-Sinkuviene.pdf\">1 nominacija Daiva Sinkuvien\u0117<\/a><\/p>\n<p><a href=\"http:\/\/bendruomeniskumas.mruni.eu\/wp-content\/uploads\/2024\/02\/2-nominacija-Saukliu-bendr.-Skuodas.pdf\">2 nominacija \u0160aukli\u0173 bendr., Skuodas<\/a><\/p>\n<p><a href=\"http:\/\/bendruomeniskumas.mruni.eu\/wp-content\/uploads\/2024\/02\/3-nominacija-Priekules-sen.-Klaipedos-raj.pdf\">3 nominacija, Priekules sen. Klaip\u0117dos raj.<\/a><\/p>\n<p><a href=\"http:\/\/bendruomeniskumas.mruni.eu\/wp-content\/uploads\/2024\/02\/4-nominacija-Zujunu-bendr.-Vilniaus-raj.pdf\">4 nominacija Zuj\u016bn\u0173 bendr. Vilniaus raj<\/a><\/p>\n<p><a href=\"http:\/\/bendruomeniskumas.mruni.eu\/wp-content\/uploads\/2024\/02\/5-nominacija-Aleksoto-bendr.-Kaunas.pdf\">5 nominacija, Aleksoto bendr., Kaunas<\/a><\/p>\n<p><a href=\"http:\/\/bendruomeniskumas.mruni.eu\/wp-content\/uploads\/2024\/02\/6-nominacija-Alanto-bendr.-Plunges-raj.pdf\">6 nominacija, Alanto bendr., Plung\u0117s raj.<\/a><\/p>\n<p><a href=\"http:\/\/bendruomeniskumas.mruni.eu\/wp-content\/uploads\/2024\/02\/7-nominacija-Budriu-bendr.-Ignalinos-raj.pdf\">7 nominacija Budri\u0173 bendr., Ignalinos raj.<\/a><\/p>\n<p><a href=\"http:\/\/bendruomeniskumas.mruni.eu\/wp-content\/uploads\/2024\/02\/8-nominacija-Nepriklausomybes-9-jo-namo-bendr.-Panevezys.pdf\">8 nominacija, Nepriklausomybes 9-jo namo bendr., Panev\u0117\u017eys<\/a><\/p>\n<p>&nbsp;<\/p>\n<p><strong>\u00a0<\/strong><\/p>\n<p><strong>\u00a0<\/strong><\/p>\n<p><strong>\u00a0<\/strong><\/p>\n<p><strong>\u00a0<\/strong><\/p>\n<p><strong>\u00a0<\/strong><\/p>\n<p><strong>\u00a0<\/strong><\/p>\n<p>&nbsp;<\/p>\n<p>&nbsp;<\/p>\n<p>&nbsp;<\/p>\n<p>&nbsp;<\/p>\n<p>&nbsp;<\/p>\n<p>&nbsp;<\/p>\n<p><strong>\u00a0<\/strong><\/p>\n<p>&nbsp;<\/p>\n<p>&nbsp;<\/p>\n<p>&nbsp;<\/p>\n<p>&nbsp;<\/p>\n<p>&nbsp;<\/p>\n<p><strong>\u00a0<\/strong><\/p>\n<p>&nbsp;<\/p>\n<p>&nbsp;<\/p>\n<p>&nbsp;<\/p>\n","protected":false},"excerpt":{"rendered":"<p>Isakymas bendruomeniu 2023 nominantai 1 nominacija Daiva Sinkuvien\u0117 2 nominacija \u0160aukli\u0173 bendr., Skuodas 3 nominacija, Priekules sen. Klaip\u0117dos raj. 4 nominacija Zuj\u016bn\u0173 bendr. Vilniaus raj 5 nominacija, Aleksoto bendr., Kaunas 6 nominacija, Alanto bendr., Plung\u0117s raj. 7 nominacija Budri\u0173 bendr., Ignalinos raj. 8 nominacija, Nepriklausomybes 9-jo namo bendr., Panev\u0117\u017eys &nbsp; \u00a0 \u00a0 \u00a0 \u00a0 \u00a0 &hellip; <\/p>\n<p class=\"link-more\"><a href=\"https:\/\/bendruomeniskumas.mruni.eu\/?page_id=919\" class=\"more-link\">Continue reading<span class=\"screen-reader-text\"> &#8220;2023 met\u0173 konkursas&#8221;<\/span><\/a><\/p>\n","protected":false},"author":2,"featured_media":0,"parent":0,"menu_order":0,"comment_status":"closed","ping_status":"closed","template":"","meta":{"footnotes":""},"class_list":["post-919","page","type-page","status-publish","hentry"],"_links":{"self":[{"href":"https:\/\/bendruomeniskumas.mruni.eu\/index.php?rest_route=\/wp\/v2\/pages\/919","targetHints":{"allow":["GET"]}}],"collection":[{"href":"https:\/\/bendruomeniskumas.mruni.eu\/index.php?rest_route=\/wp\/v2\/pages"}],"about":[{"href":"https:\/\/bendruomeniskumas.mruni.eu\/index.php?rest_route=\/wp\/v2\/types\/page"}],"author":[{"embeddable":true,"href":"https:\/\/bendruomeniskumas.mruni.eu\/index.php?rest_route=\/wp\/v2\/users\/2"}],"replies":[{"embeddable":true,"href":"https:\/\/bendruomeniskumas.mruni.eu\/index.php?rest_route=%2Fwp%2Fv2%2Fcomments&post=919"}],"version-history":[{"count":7,"href":"https:\/\/bendruomeniskumas.mruni.eu\/index.php?rest_route=\/wp\/v2\/pages\/919\/revisions"}],"predecessor-version":[{"id":1015,"href":"https:\/\/bendruomeniskumas.mruni.eu\/index.php?rest_route=\/wp\/v2\/pages\/919\/revisions\/1015"}],"wp:attachment":[{"href":"https:\/\/bendruomeniskumas.mruni.eu\/index.php?rest_route=%2Fwp%2Fv2%2Fmedia&parent=919"}],"curies":[{"name":"wp","href":"https:\/\/api.w.org\/{rel}","templated":true}]}}