{"id":966,"date":"2026-04-14T09:49:39","date_gmt":"2026-04-14T09:49:39","guid":{"rendered":"https:\/\/bendruomeniskumas.mruni.eu\/?page_id=966"},"modified":"2026-04-14T10:27:54","modified_gmt":"2026-04-14T10:27:54","slug":"2024-metu-konkursas","status":"publish","type":"page","link":"https:\/\/bendruomeniskumas.mruni.eu\/?page_id=966","title":{"rendered":"2024 met\u0173 konkursas"},"content":{"rendered":"<p><a href=\"https:\/\/bendruomeniskumas.mruni.eu\/wp-content\/uploads\/2026\/04\/z2025-nominantai-nugaletoju-isakymas-1.pdf\">2025 nominantai nugal\u0117toj\u0173 \u012fsakymas<\/a><\/p>\n<p><a href=\"https:\/\/bendruomeniskumas.mruni.eu\/wp-content\/uploads\/2026\/04\/1-nominacija-Lyderis-vadybininkas-Gabriele-Narmontaite-Telsiai-2.pdf\">1 nominacija Lyderis- vadybininkas Gabriel\u0117 Narmontait\u0117, Tel\u0161i\u0173 sav.<\/a><\/p>\n<p><a href=\"https:\/\/bendruomeniskumas.mruni.eu\/wp-content\/uploads\/2026\/04\/2Paceriaukstes-kaimo-2.jpg\"><img loading=\"lazy\" decoding=\"async\" class=\"alignnone wp-image-989\" src=\"https:\/\/bendruomeniskumas.mruni.eu\/wp-content\/uploads\/2026\/04\/2Paceriaukstes-kaimo-2.jpg\" alt=\"\" width=\"172\" height=\"128\" srcset=\"https:\/\/bendruomeniskumas.mruni.eu\/wp-content\/uploads\/2026\/04\/2Paceriaukstes-kaimo-2.jpg 435w, https:\/\/bendruomeniskumas.mruni.eu\/wp-content\/uploads\/2026\/04\/2Paceriaukstes-kaimo-2-300x223.jpg 300w\" sizes=\"auto, (max-width: 172px) 100vw, 172px\" \/><\/a><\/p>\n<p><a href=\"https:\/\/bendruomeniskumas.mruni.eu\/wp-content\/uploads\/2026\/04\/2-nominacija-Sekmes-istorija-Paceraukstes-bendr.-Birzu-sav-1.pdf\">2 nominacija S\u0117km\u0117s istorija Pa\u010derauk\u0161t\u0117s bendr. Bir\u017e\u0173 sav.<\/a><\/p>\n<p><a href=\"https:\/\/bendruomeniskumas.mruni.eu\/wp-content\/uploads\/2026\/04\/1-nom-Telsiu-rajono-savivaldybe-1.jpg\"><img loading=\"lazy\" decoding=\"async\" class=\"alignnone wp-image-987\" src=\"https:\/\/bendruomeniskumas.mruni.eu\/wp-content\/uploads\/2026\/04\/1-nom-Telsiu-rajono-savivaldybe-1.jpg\" alt=\"\" width=\"180\" height=\"134\" srcset=\"https:\/\/bendruomeniskumas.mruni.eu\/wp-content\/uploads\/2026\/04\/1-nom-Telsiu-rajono-savivaldybe-1.jpg 435w, https:\/\/bendruomeniskumas.mruni.eu\/wp-content\/uploads\/2026\/04\/1-nom-Telsiu-rajono-savivaldybe-1-300x223.jpg 300w\" sizes=\"auto, (max-width: 180px) 100vw, 180px\" \/><\/a><\/p>\n<p><a href=\"https:\/\/bendruomeniskumas.mruni.eu\/wp-content\/uploads\/2026\/04\/3-nominacija-Juzintu-seniunija-Rokiskio-sav.pdf\">3 nominacija J\u016b\u017eint\u0173 seni\u016bnija, Roki\u0161kio sav.<\/a><\/p>\n<p><a href=\"https:\/\/bendruomeniskumas.mruni.eu\/wp-content\/uploads\/2026\/04\/3Juzintu.jpg\"><img loading=\"lazy\" decoding=\"async\" class=\"alignnone wp-image-982\" src=\"https:\/\/bendruomeniskumas.mruni.eu\/wp-content\/uploads\/2026\/04\/3Juzintu.jpg\" alt=\"\" width=\"183\" height=\"136\" srcset=\"https:\/\/bendruomeniskumas.mruni.eu\/wp-content\/uploads\/2026\/04\/3Juzintu.jpg 435w, https:\/\/bendruomeniskumas.mruni.eu\/wp-content\/uploads\/2026\/04\/3Juzintu-300x223.jpg 300w\" sizes=\"auto, (max-width: 183px) 100vw, 183px\" \/><\/a><\/p>\n<p><a href=\"https:\/\/bendruomeniskumas.mruni.eu\/wp-content\/uploads\/2026\/04\/4-nominacija-Su-mokykla-bendraujanti-Alsedziu-seniunijos-bendruomene-Plunges-r.sav_.pdf\">4 nominacija Su mokykla bendraujanti Als\u0117d\u017ei\u0173 seni\u016bnijos bendruomen\u0117, Plung\u0117s sav.<\/a><\/p>\n<p><a href=\"https:\/\/bendruomeniskumas.mruni.eu\/wp-content\/uploads\/2026\/04\/4Alsedziu-seniunijos.jpg\"><img loading=\"lazy\" decoding=\"async\" class=\"alignnone wp-image-983\" src=\"https:\/\/bendruomeniskumas.mruni.eu\/wp-content\/uploads\/2026\/04\/4Alsedziu-seniunijos.jpg\" alt=\"\" width=\"184\" height=\"137\" srcset=\"https:\/\/bendruomeniskumas.mruni.eu\/wp-content\/uploads\/2026\/04\/4Alsedziu-seniunijos.jpg 435w, https:\/\/bendruomeniskumas.mruni.eu\/wp-content\/uploads\/2026\/04\/4Alsedziu-seniunijos-300x223.jpg 300w\" sizes=\"auto, (max-width: 184px) 100vw, 184px\" \/><\/a><\/p>\n<p><a href=\"https:\/\/bendruomeniskumas.mruni.eu\/wp-content\/uploads\/2026\/04\/5-nominacija-Sveika-gyvensena-propaguojanti-Bernatoniu-bendruomene_Panevezio-raj.pdf\">5 nominacija Sveik\u0105 gyvensen\u0105 propaguojanti Bernatoni\u0173 bendruomen\u0117_Panev\u0117\u017eio sav.<\/a><\/p>\n<p><a href=\"https:\/\/bendruomeniskumas.mruni.eu\/wp-content\/uploads\/2026\/04\/5Bernatoniu-bendruomene.jpg\"><img loading=\"lazy\" decoding=\"async\" class=\"alignnone wp-image-984\" src=\"https:\/\/bendruomeniskumas.mruni.eu\/wp-content\/uploads\/2026\/04\/5Bernatoniu-bendruomene.jpg\" alt=\"\" width=\"187\" height=\"139\" srcset=\"https:\/\/bendruomeniskumas.mruni.eu\/wp-content\/uploads\/2026\/04\/5Bernatoniu-bendruomene.jpg 435w, https:\/\/bendruomeniskumas.mruni.eu\/wp-content\/uploads\/2026\/04\/5Bernatoniu-bendruomene-300x223.jpg 300w\" sizes=\"auto, (max-width: 187px) 100vw, 187px\" \/><\/a><\/p>\n<p><a href=\"https:\/\/bendruomeniskumas.mruni.eu\/wp-content\/uploads\/2026\/04\/6-nominacija-Infrastruktura-puoselejanti-bendruomene-Dreverna-Klaipedos-raj.pdf\">6 nominacija Infrastrukt\u016br\u0105 puosel\u0117janti bendruomen\u0117 Dreverna, Klaip\u0117dos sav.<\/a><\/p>\n<p><a href=\"https:\/\/bendruomeniskumas.mruni.eu\/wp-content\/uploads\/2026\/04\/7-Nominacija-su-policija-bendraujanti-Raseiniu-rajono-Mirkliu-kaimo-bendruomene.pdf\">7 Nominacija, su policija bendraujanti Raseini\u0173 rajono Mirkli\u0173 kaimo bendruomen\u0117<\/a><\/p>\n<p><a href=\"https:\/\/bendruomeniskumas.mruni.eu\/wp-content\/uploads\/2026\/04\/6-Mirkliu-kaimo-bendruomene.jpg\"><img loading=\"lazy\" decoding=\"async\" class=\"alignnone wp-image-985\" src=\"https:\/\/bendruomeniskumas.mruni.eu\/wp-content\/uploads\/2026\/04\/6-Mirkliu-kaimo-bendruomene.jpg\" alt=\"\" width=\"187\" height=\"139\" srcset=\"https:\/\/bendruomeniskumas.mruni.eu\/wp-content\/uploads\/2026\/04\/6-Mirkliu-kaimo-bendruomene.jpg 435w, https:\/\/bendruomeniskumas.mruni.eu\/wp-content\/uploads\/2026\/04\/6-Mirkliu-kaimo-bendruomene-300x223.jpg 300w\" sizes=\"auto, (max-width: 187px) 100vw, 187px\" \/><\/a><\/p>\n<p><a href=\"https:\/\/bendruomeniskumas.mruni.eu\/wp-content\/uploads\/2026\/04\/8-Civiline-sauga-Vasaknu-bendruomene-Zarasu-rajonas.pdf\">8 Civilin\u0117 sauga Vasakn\u0173 bendruomen\u0117 , Zaras\u0173 sav.<\/a><\/p>\n<p><a href=\"https:\/\/bendruomeniskumas.mruni.eu\/wp-content\/uploads\/2026\/04\/7-Civilinei-saugai.jpg\"><img loading=\"lazy\" decoding=\"async\" class=\"alignnone wp-image-986\" src=\"https:\/\/bendruomeniskumas.mruni.eu\/wp-content\/uploads\/2026\/04\/7-Civilinei-saugai.jpg\" alt=\"\" width=\"190\" height=\"127\" srcset=\"https:\/\/bendruomeniskumas.mruni.eu\/wp-content\/uploads\/2026\/04\/7-Civilinei-saugai.jpg 2560w, https:\/\/bendruomeniskumas.mruni.eu\/wp-content\/uploads\/2026\/04\/7-Civilinei-saugai-300x200.jpg 300w, https:\/\/bendruomeniskumas.mruni.eu\/wp-content\/uploads\/2026\/04\/7-Civilinei-saugai-1024x683.jpg 1024w, https:\/\/bendruomeniskumas.mruni.eu\/wp-content\/uploads\/2026\/04\/7-Civilinei-saugai-768x512.jpg 768w, https:\/\/bendruomeniskumas.mruni.eu\/wp-content\/uploads\/2026\/04\/7-Civilinei-saugai-1536x1024.jpg 1536w, https:\/\/bendruomeniskumas.mruni.eu\/wp-content\/uploads\/2026\/04\/7-Civilinei-saugai-2048x1366.jpg 2048w\" sizes=\"auto, (max-width: 190px) 100vw, 190px\" \/><\/a><\/p>\n<p><a href=\"https:\/\/bendruomeniskumas.mruni.eu\/wp-content\/uploads\/2026\/04\/2024-04-24_Bendruomeniu-apdovanojimai_Lukas-Kodis-1-scaled.jpg\">\u00a0 \u00a0<\/a><a href=\"https:\/\/bendruomeniskumas.mruni.eu\/wp-content\/uploads\/2026\/04\/Bendra.jpg\"><img loading=\"lazy\" decoding=\"async\" class=\"alignnone wp-image-991\" src=\"https:\/\/bendruomeniskumas.mruni.eu\/wp-content\/uploads\/2026\/04\/Bendra.jpg\" alt=\"\" width=\"686\" height=\"510\" srcset=\"https:\/\/bendruomeniskumas.mruni.eu\/wp-content\/uploads\/2026\/04\/Bendra.jpg 435w, https:\/\/bendruomeniskumas.mruni.eu\/wp-content\/uploads\/2026\/04\/Bendra-300x223.jpg 300w\" sizes=\"auto, (max-width: 686px) 100vw, 686px\" \/><\/a><\/p>\n<p>&nbsp;<\/p>\n<p>&nbsp;<\/p>\n<p>&nbsp;<\/p>\n","protected":false},"excerpt":{"rendered":"<p>2025 nominantai nugal\u0117toj\u0173 \u012fsakymas 1 nominacija Lyderis- vadybininkas Gabriel\u0117 Narmontait\u0117, Tel\u0161i\u0173 sav. 2 nominacija S\u0117km\u0117s istorija Pa\u010derauk\u0161t\u0117s bendr. Bir\u017e\u0173 sav. 3 nominacija J\u016b\u017eint\u0173 seni\u016bnija, Roki\u0161kio sav. 4 nominacija Su mokykla bendraujanti Als\u0117d\u017ei\u0173 seni\u016bnijos bendruomen\u0117, Plung\u0117s sav. 5 nominacija Sveik\u0105 gyvensen\u0105 propaguojanti Bernatoni\u0173 bendruomen\u0117_Panev\u0117\u017eio sav. 6 nominacija Infrastrukt\u016br\u0105 puosel\u0117janti bendruomen\u0117 Dreverna, Klaip\u0117dos sav. 7 Nominacija, su &hellip; <\/p>\n<p class=\"link-more\"><a href=\"https:\/\/bendruomeniskumas.mruni.eu\/?page_id=966\" class=\"more-link\">Continue reading<span class=\"screen-reader-text\"> &#8220;2024 met\u0173 konkursas&#8221;<\/span><\/a><\/p>\n","protected":false},"author":2,"featured_media":0,"parent":0,"menu_order":0,"comment_status":"closed","ping_status":"closed","template":"","meta":{"footnotes":""},"class_list":["post-966","page","type-page","status-publish","hentry"],"_links":{"self":[{"href":"https:\/\/bendruomeniskumas.mruni.eu\/index.php?rest_route=\/wp\/v2\/pages\/966","targetHints":{"allow":["GET"]}}],"collection":[{"href":"https:\/\/bendruomeniskumas.mruni.eu\/index.php?rest_route=\/wp\/v2\/pages"}],"about":[{"href":"https:\/\/bendruomeniskumas.mruni.eu\/index.php?rest_route=\/wp\/v2\/types\/page"}],"author":[{"embeddable":true,"href":"https:\/\/bendruomeniskumas.mruni.eu\/index.php?rest_route=\/wp\/v2\/users\/2"}],"replies":[{"embeddable":true,"href":"https:\/\/bendruomeniskumas.mruni.eu\/index.php?rest_route=%2Fwp%2Fv2%2Fcomments&post=966"}],"version-history":[{"count":11,"href":"https:\/\/bendruomeniskumas.mruni.eu\/index.php?rest_route=\/wp\/v2\/pages\/966\/revisions"}],"predecessor-version":[{"id":996,"href":"https:\/\/bendruomeniskumas.mruni.eu\/index.php?rest_route=\/wp\/v2\/pages\/966\/revisions\/996"}],"wp:attachment":[{"href":"https:\/\/bendruomeniskumas.mruni.eu\/index.php?rest_route=%2Fwp%2Fv2%2Fmedia&parent=966"}],"curies":[{"name":"wp","href":"https:\/\/api.w.org\/{rel}","templated":true}]}}